{"id":1488,"date":"2022-07-21T06:49:30","date_gmt":"2022-07-21T04:49:30","guid":{"rendered":"<h1>Intervenci\u00f3n<\/h1>\t\t\n\t\tEl Servicio de Intervenci\u00f3n de la Entidad Metropolitana de Servicios Hidr\u00e1ulicos es el \u00f3rgano de control interno de la gesti\u00f3n econ\u00f3mico-financiera de la Entidad.<p>Como \u00f3rgano de control interno es el encargado de verificar, med"},"modified":"2023-05-11T10:59:57","modified_gmt":"2023-05-11T08:59:57","slug":"intervencion","status":"publish","type":"page","link":"https:\/\/infallible-sinoussi.217-160-229-75.plesk.page\/ca\/quienes-somos\/organizacion\/estructura\/areas-de-la-entidad\/intervencion\/","title":{"rendered":"Intervenci\u00f3"},"content":{"rendered":"<div data-elementor-type=\"wp-page\" data-elementor-id=\"1488\" class=\"elementor elementor-1488\">\n\t\t\t\t\t\t<section class=\"elementor-section elementor-top-section elementor-element elementor-element-85d061a elementor-section-boxed elementor-section-height-default elementor-section-height-default\" data-id=\"85d061a\" data-element_type=\"section\" data-settings=\"{&quot;background_background&quot;:&quot;classic&quot;}\">\n\t\t\t\t\t\t\t<div class=\"elementor-background-overlay\"><\/div>\n\t\t\t\t\t\t\t<div class=\"elementor-container elementor-column-gap-default\">\n\t\t\t\t\t<div class=\"elementor-column elementor-col-100 elementor-top-column elementor-element elementor-element-1ccc93e\" data-id=\"1ccc93e\" data-element_type=\"column\">\n\t\t\t<div class=\"elementor-widget-wrap elementor-element-populated\">\n\t\t\t\t\t\t<div class=\"elementor-element elementor-element-b8412a4 elementor-widget elementor-widget-spacer\" data-id=\"b8412a4\" data-element_type=\"widget\" data-widget_type=\"spacer.default\">\n\t\t\t\t<div class=\"elementor-widget-container\">\n\t\t\t\t\t\t\t<div class=\"elementor-spacer\">\n\t\t\t<div class=\"elementor-spacer-inner\"><\/div>\n\t\t<\/div>\n\t\t\t\t\t\t<\/div>\n\t\t\t\t<\/div>\n\t\t\t\t<div class=\"elementor-element elementor-element-f9f910b elementor-widget elementor-widget-heading\" data-id=\"f9f910b\" data-element_type=\"widget\" data-widget_type=\"heading.default\">\n\t\t\t\t<div class=\"elementor-widget-container\">\n\t\t\t\t\t<h1 class=\"elementor-heading-title elementor-size-default\">Intervenci\u00f3<\/h1>\t\t\t\t<\/div>\n\t\t\t\t<\/div>\n\t\t\t\t<div class=\"elementor-element elementor-element-f885517 elementor-widget elementor-widget-spacer\" data-id=\"f885517\" data-element_type=\"widget\" data-widget_type=\"spacer.default\">\n\t\t\t\t<div class=\"elementor-widget-container\">\n\t\t\t\t\t\t\t<div class=\"elementor-spacer\">\n\t\t\t<div class=\"elementor-spacer-inner\"><\/div>\n\t\t<\/div>\n\t\t\t\t\t\t<\/div>\n\t\t\t\t<\/div>\n\t\t\t\t\t<\/div>\n\t\t<\/div>\n\t\t\t\t\t<\/div>\n\t\t<\/section>\n\t\t\t\t<section class=\"elementor-section elementor-top-section elementor-element elementor-element-5f2a147 elementor-section-boxed elementor-section-height-default elementor-section-height-default\" data-id=\"5f2a147\" data-element_type=\"section\">\n\t\t\t\t\t\t<div class=\"elementor-container elementor-column-gap-default\">\n\t\t\t\t\t<div class=\"elementor-column elementor-col-100 elementor-top-column elementor-element elementor-element-3b5d801\" data-id=\"3b5d801\" data-element_type=\"column\">\n\t\t\t<div class=\"elementor-widget-wrap elementor-element-populated\">\n\t\t\t\t\t\t<div class=\"elementor-element elementor-element-f2934b8 elementor-widget elementor-widget-spacer\" data-id=\"f2934b8\" data-element_type=\"widget\" data-widget_type=\"spacer.default\">\n\t\t\t\t<div class=\"elementor-widget-container\">\n\t\t\t\t\t\t\t<div class=\"elementor-spacer\">\n\t\t\t<div class=\"elementor-spacer-inner\"><\/div>\n\t\t<\/div>\n\t\t\t\t\t\t<\/div>\n\t\t\t\t<\/div>\n\t\t\t\t<div class=\"elementor-element elementor-element-e8160aa elementor-widget elementor-widget-text-editor\" data-id=\"e8160aa\" data-element_type=\"widget\" data-widget_type=\"text-editor.default\">\n\t\t\t\t<div class=\"elementor-widget-container\">\n\t\t\t\t\t\t\t\t\tEl Servei d'Intervenci\u00f3 de l'Entitat Metropolitana de Serveis Hidr\u00e0ulics \u00e9s l'\u00f2rgan de control intern de la gesti\u00f3 economicofinancera de l'Entitat.\t\t\t\t\t\t\t\t<\/div>\n\t\t\t\t<\/div>\n\t\t\t\t<div class=\"elementor-element elementor-element-1eb8ce1 elementor-widget elementor-widget-text-editor\" data-id=\"1eb8ce1\" data-element_type=\"widget\" data-widget_type=\"text-editor.default\">\n\t\t\t\t<div class=\"elementor-widget-container\">\n\t\t\t\t\t\t\t\t\t<p>Com a \u00f2rgan de control intern \u00e9s l'encarregat de verificar, mitjan\u00e7ant el control previ de legalitat i el control financer, que l'activitat economicofinancera de l'Entitat s'adequa als principis de legalitat, economia, efici\u00e8ncia i efic\u00e0cia.<\/p>\t\t\t\t\t\t\t\t<\/div>\n\t\t\t\t<\/div>\n\t\t\t\t\t<\/div>\n\t\t<\/div>\n\t\t\t\t\t<\/div>\n\t\t<\/section>\n\t\t\t\t<section class=\"elementor-section elementor-top-section elementor-element elementor-element-2e24f3a elementor-section-content-middle elementor-section-boxed elementor-section-height-default elementor-section-height-default\" data-id=\"2e24f3a\" data-element_type=\"section\" data-settings=\"{&quot;background_background&quot;:&quot;classic&quot;}\">\n\t\t\t\t\t\t<div class=\"elementor-container elementor-column-gap-default\">\n\t\t\t\t\t<div class=\"elementor-column elementor-col-100 elementor-top-column elementor-element elementor-element-b0607f4\" data-id=\"b0607f4\" data-element_type=\"column\">\n\t\t\t<div class=\"elementor-widget-wrap elementor-element-populated\">\n\t\t\t\t\t\t<section class=\"elementor-section elementor-inner-section elementor-element elementor-element-917f688 elementor-section-boxed elementor-section-height-default elementor-section-height-default\" data-id=\"917f688\" data-element_type=\"section\">\n\t\t\t\t\t\t<div class=\"elementor-container elementor-column-gap-default\">\n\t\t\t\t\t<div class=\"elementor-column elementor-col-100 elementor-inner-column elementor-element elementor-element-51dd301\" data-id=\"51dd301\" data-element_type=\"column\">\n\t\t\t<div class=\"elementor-widget-wrap elementor-element-populated\">\n\t\t\t\t\t\t<div class=\"elementor-element elementor-element-63692bb elementor-view-framed elementor-position-block-start elementor-shape-circle elementor-mobile-position-block-start elementor-widget elementor-widget-icon-box\" data-id=\"63692bb\" data-element_type=\"widget\" data-widget_type=\"icon-box.default\">\n\t\t\t\t<div class=\"elementor-widget-container\">\n\t\t\t\t\t\t\t<div class=\"elementor-icon-box-wrapper\">\n\n\t\t\t\t\t\t<div class=\"elementor-icon-box-icon\">\n\t\t\t\t<a href=\"https:\/\/infallible-sinoussi.217-160-229-75.plesk.page\/ca\/factura-electronica\/\" target=\"_blank\" rel=\"nofollow\" class=\"elementor-icon\" tabindex=\"-1\" aria-label=\"Factura electr\u00f2nica\">\n\t\t\t\t<i aria-hidden=\"true\" class=\"fas fa-file-excel\"><\/i>\t\t\t\t<\/a>\n\t\t\t<\/div>\n\t\t\t\n\t\t\t\t\t\t<div class=\"elementor-icon-box-content\">\n\n\t\t\t\t\t\t\t\t\t<h3 class=\"elementor-icon-box-title\">\n\t\t\t\t\t\t<a href=\"https:\/\/infallible-sinoussi.217-160-229-75.plesk.page\/ca\/factura-electronica\/\" target=\"_blank\" rel=\"nofollow\" >\n\t\t\t\t\t\t\tFactura electr\u00f2nica\t\t\t\t\t\t<\/a>\n\t\t\t\t\t<\/h3>\n\t\t\t\t\n\t\t\t\t\n\t\t\t<\/div>\n\t\t\t\n\t\t<\/div>\n\t\t\t\t\t\t<\/div>\n\t\t\t\t<\/div>\n\t\t\t\t\t<\/div>\n\t\t<\/div>\n\t\t\t\t\t<\/div>\n\t\t<\/section>\n\t\t\t\t\t<\/div>\n\t\t<\/div>\n\t\t\t\t\t<\/div>\n\t\t<\/section>\n\t\t\t\t<section class=\"elementor-section elementor-top-section elementor-element elementor-element-4a2f276 elementor-section-boxed elementor-section-height-default elementor-section-height-default\" data-id=\"4a2f276\" data-element_type=\"section\">\n\t\t\t\t\t\t<div class=\"elementor-container elementor-column-gap-default\">\n\t\t\t\t\t<div class=\"elementor-column elementor-col-100 elementor-top-column elementor-element elementor-element-226f8d1\" data-id=\"226f8d1\" data-element_type=\"column\">\n\t\t\t<div class=\"elementor-widget-wrap elementor-element-populated\">\n\t\t\t\t\t\t<div class=\"elementor-element elementor-element-0e0c3f1 elementor-widget elementor-widget-spacer\" data-id=\"0e0c3f1\" data-element_type=\"widget\" data-widget_type=\"spacer.default\">\n\t\t\t\t<div class=\"elementor-widget-container\">\n\t\t\t\t\t\t\t<div class=\"elementor-spacer\">\n\t\t\t<div class=\"elementor-spacer-inner\"><\/div>\n\t\t<\/div>\n\t\t\t\t\t\t<\/div>\n\t\t\t\t<\/div>\n\t\t\t\t\t<\/div>\n\t\t<\/div>\n\t\t\t\t\t<\/div>\n\t\t<\/section>\n\t\t\t\t<\/div>","protected":false},"excerpt":{"rendered":"<p>Intervenci\u00f3n El Servicio de Intervenci\u00f3n de la Entidad Metropolitana de Servicios Hidr\u00e1ulicos es el \u00f3rgano de control interno de la gesti\u00f3n econ\u00f3mico-financiera de la Entidad. Como \u00f3rgano de control interno es el encargado de verificar, mediante el control previo de legalidad y el control financiero, que la actividad econ\u00f3mico-financiera de la Entidad se adecua a [&hellip;]<\/p>","protected":false},"author":28,"featured_media":0,"parent":7128,"menu_order":0,"comment_status":"closed","ping_status":"closed","template":"","meta":{"site-sidebar-layout":"no-sidebar","site-content-layout":"page-builder","ast-site-content-layout":"default","site-content-style":"default","site-sidebar-style":"default","ast-global-header-display":"","ast-banner-title-visibility":"","ast-main-header-display":"","ast-hfb-above-header-display":"","ast-hfb-below-header-display":"","ast-hfb-mobile-header-display":"","site-post-title":"disabled","ast-breadcrumbs-content":"","ast-featured-img":"disabled","footer-sml-layout":"","ast-disable-related-posts":"","theme-transparent-header-meta":"","adv-header-id-meta":"","stick-header-meta":"","header-above-stick-meta":"","header-main-stick-meta":"","header-below-stick-meta":"","astra-migrate-meta-layouts":"default","ast-page-background-enabled":"default","ast-page-background-meta":{"desktop":{"background-color":"var(--ast-global-color-4)","background-image":"","background-repeat":"repeat","background-position":"center center","background-size":"auto","background-attachment":"scroll","background-type":"","background-media":"","overlay-type":"","overlay-color":"","overlay-opacity":"","overlay-gradient":""},"tablet":{"background-color":"","background-image":"","background-repeat":"repeat","background-position":"center center","background-size":"auto","background-attachment":"scroll","background-type":"","background-media":"","overlay-type":"","overlay-color":"","overlay-opacity":"","overlay-gradient":""},"mobile":{"background-color":"","background-image":"","background-repeat":"repeat","background-position":"center center","background-size":"auto","background-attachment":"scroll","background-type":"","background-media":"","overlay-type":"","overlay-color":"","overlay-opacity":"","overlay-gradient":""}},"ast-content-background-meta":{"desktop":{"background-color":"var(--ast-global-color-5)","background-image":"","background-repeat":"repeat","background-position":"center center","background-size":"auto","background-attachment":"scroll","background-type":"","background-media":"","overlay-type":"","overlay-color":"","overlay-opacity":"","overlay-gradient":""},"tablet":{"background-color":"var(--ast-global-color-5)","background-image":"","background-repeat":"repeat","background-position":"center center","background-size":"auto","background-attachment":"scroll","background-type":"","background-media":"","overlay-type":"","overlay-color":"","overlay-opacity":"","overlay-gradient":""},"mobile":{"background-color":"var(--ast-global-color-5)","background-image":"","background-repeat":"repeat","background-position":"center center","background-size":"auto","background-attachment":"scroll","background-type":"","background-media":"","overlay-type":"","overlay-color":"","overlay-opacity":"","overlay-gradient":""}},"footnotes":""},"coauthors":[61],"class_list":["post-1488","page","type-page","status-publish","hentry"],"yoast_head":"<!-- This site is optimized with the Yoast SEO plugin v26.6 - https:\/\/yoast.com\/wordpress\/plugins\/seo\/ -->\n<title>Intervenci\u00f3n - EMSHI<\/title>\n<meta name=\"robots\" content=\"noindex, follow, max-snippet:-1, max-image-preview:large, max-video-preview:-1\" \/>\n<meta property=\"og:locale\" content=\"ca_ES\" \/>\n<meta property=\"og:type\" content=\"article\" \/>\n<meta property=\"og:title\" content=\"Intervenci\u00f3n - EMSHI\" \/>\n<meta property=\"og:description\" content=\"Intervenci\u00f3n El Servicio de Intervenci\u00f3n de la Entidad Metropolitana de Servicios Hidr\u00e1ulicos es el \u00f3rgano de control interno de la gesti\u00f3n econ\u00f3mico-financiera de la Entidad. Como \u00f3rgano de control interno es el encargado de verificar, mediante el control previo de legalidad y el control financiero, que la actividad econ\u00f3mico-financiera de la Entidad se adecua a [&hellip;]\" \/>\n<meta property=\"og:url\" content=\"https:\/\/infallible-sinoussi.217-160-229-75.plesk.page\/ca\/quienes-somos\/organizacion\/estructura\/areas-de-la-entidad\/intervencion\/\" \/>\n<meta property=\"og:site_name\" content=\"EMSHI\" \/>\n<meta property=\"article:modified_time\" content=\"2023-05-11T08:59:57+00:00\" \/>\n<meta name=\"twitter:card\" content=\"summary_large_image\" \/>\n<meta name=\"twitter:label1\" content=\"Temps estimat de lectura\" \/>\n\t<meta name=\"twitter:data1\" content=\"1 minut\" \/>\n\t<meta name=\"twitter:label2\" content=\"Written by\" \/>\n\t<meta name=\"twitter:data2\" content=\"TechScribeOdec\" \/>\n<script type=\"application\/ld+json\" class=\"yoast-schema-graph\">{\"@context\":\"https:\/\/schema.org\",\"@graph\":[{\"@type\":\"WebPage\",\"@id\":\"https:\/\/infallible-sinoussi.217-160-229-75.plesk.page\/quienes-somos\/organizacion\/estructura\/areas-de-la-entidad\/intervencion\/\",\"url\":\"https:\/\/infallible-sinoussi.217-160-229-75.plesk.page\/quienes-somos\/organizacion\/estructura\/areas-de-la-entidad\/intervencion\/\",\"name\":\"Intervenci\u00f3n - EMSHI\",\"isPartOf\":{\"@id\":\"https:\/\/infallible-sinoussi.217-160-229-75.plesk.page\/#website\"},\"datePublished\":\"2022-07-21T04:49:30+00:00\",\"dateModified\":\"2023-05-11T08:59:57+00:00\",\"breadcrumb\":{\"@id\":\"https:\/\/infallible-sinoussi.217-160-229-75.plesk.page\/quienes-somos\/organizacion\/estructura\/areas-de-la-entidad\/intervencion\/#breadcrumb\"},\"inLanguage\":\"ca\",\"potentialAction\":[{\"@type\":\"ReadAction\",\"target\":[\"https:\/\/infallible-sinoussi.217-160-229-75.plesk.page\/quienes-somos\/organizacion\/estructura\/areas-de-la-entidad\/intervencion\/\"]}]},{\"@type\":\"BreadcrumbList\",\"@id\":\"https:\/\/infallible-sinoussi.217-160-229-75.plesk.page\/quienes-somos\/organizacion\/estructura\/areas-de-la-entidad\/intervencion\/#breadcrumb\",\"itemListElement\":[{\"@type\":\"ListItem\",\"position\":1,\"name\":\"Home\",\"item\":\"https:\/\/infallible-sinoussi.217-160-229-75.plesk.page\/\"},{\"@type\":\"ListItem\",\"position\":2,\"name\":\"Qui\u00e9nes Somos\",\"item\":\"https:\/\/infallible-sinoussi.217-160-229-75.plesk.page\/quienes-somos\/\"},{\"@type\":\"ListItem\",\"position\":3,\"name\":\"Organizaci\u00f3n\",\"item\":\"https:\/\/infallible-sinoussi.217-160-229-75.plesk.page\/quienes-somos\/organizacion\/\"},{\"@type\":\"ListItem\",\"position\":4,\"name\":\"Estructura\",\"item\":\"https:\/\/infallible-sinoussi.217-160-229-75.plesk.page\/quienes-somos\/organizacion\/estructura\/\"},{\"@type\":\"ListItem\",\"position\":5,\"name\":\"\u00c1reas de la entidad\",\"item\":\"https:\/\/infallible-sinoussi.217-160-229-75.plesk.page\/quienes-somos\/organizacion\/estructura\/areas-de-la-entidad\/\"},{\"@type\":\"ListItem\",\"position\":6,\"name\":\"Intervenci\u00f3n\"}]},{\"@type\":\"WebSite\",\"@id\":\"https:\/\/infallible-sinoussi.217-160-229-75.plesk.page\/#website\",\"url\":\"https:\/\/infallible-sinoussi.217-160-229-75.plesk.page\/\",\"name\":\"EMSHI\",\"description\":\"\",\"publisher\":{\"@id\":\"https:\/\/infallible-sinoussi.217-160-229-75.plesk.page\/#organization\"},\"potentialAction\":[{\"@type\":\"SearchAction\",\"target\":{\"@type\":\"EntryPoint\",\"urlTemplate\":\"https:\/\/infallible-sinoussi.217-160-229-75.plesk.page\/?s={search_term_string}\"},\"query-input\":{\"@type\":\"PropertyValueSpecification\",\"valueRequired\":true,\"valueName\":\"search_term_string\"}}],\"inLanguage\":\"ca\"},{\"@type\":\"Organization\",\"@id\":\"https:\/\/infallible-sinoussi.217-160-229-75.plesk.page\/#organization\",\"name\":\"EMSHI\",\"url\":\"https:\/\/infallible-sinoussi.217-160-229-75.plesk.page\/\",\"logo\":{\"@type\":\"ImageObject\",\"inLanguage\":\"ca\",\"@id\":\"https:\/\/infallible-sinoussi.217-160-229-75.plesk.page\/#\/schema\/logo\/image\/\",\"url\":\"https:\/\/infallible-sinoussi.217-160-229-75.plesk.page\/wp-content\/uploads\/2022\/11\/cropped-EMSHI_VersionEspecial_RGB_CAS.png\",\"contentUrl\":\"https:\/\/infallible-sinoussi.217-160-229-75.plesk.page\/wp-content\/uploads\/2022\/11\/cropped-EMSHI_VersionEspecial_RGB_CAS.png\",\"width\":1966,\"height\":449,\"caption\":\"EMSHI\"},\"image\":{\"@id\":\"https:\/\/infallible-sinoussi.217-160-229-75.plesk.page\/#\/schema\/logo\/image\/\"}}]}<\/script>\n<!-- \/ Yoast SEO plugin. -->","yoast_head_json":{"title":"Intervenci\u00f3n - EMSHI","robots":{"index":"noindex","follow":"follow","max-snippet":"max-snippet:-1","max-image-preview":"max-image-preview:large","max-video-preview":"max-video-preview:-1"},"og_locale":"ca_ES","og_type":"article","og_title":"Intervenci\u00f3n - EMSHI","og_description":"Intervenci\u00f3n El Servicio de Intervenci\u00f3n de la Entidad Metropolitana de Servicios Hidr\u00e1ulicos es el \u00f3rgano de control interno de la gesti\u00f3n econ\u00f3mico-financiera de la Entidad. Como \u00f3rgano de control interno es el encargado de verificar, mediante el control previo de legalidad y el control financiero, que la actividad econ\u00f3mico-financiera de la Entidad se adecua a [&hellip;]","og_url":"https:\/\/infallible-sinoussi.217-160-229-75.plesk.page\/ca\/quienes-somos\/organizacion\/estructura\/areas-de-la-entidad\/intervencion\/","og_site_name":"EMSHI","article_modified_time":"2023-05-11T08:59:57+00:00","twitter_card":"summary_large_image","twitter_misc":{"Temps estimat de lectura":"1 minut","Written by":"TechScribeOdec"},"schema":{"@context":"https:\/\/schema.org","@graph":[{"@type":"WebPage","@id":"https:\/\/infallible-sinoussi.217-160-229-75.plesk.page\/quienes-somos\/organizacion\/estructura\/areas-de-la-entidad\/intervencion\/","url":"https:\/\/infallible-sinoussi.217-160-229-75.plesk.page\/quienes-somos\/organizacion\/estructura\/areas-de-la-entidad\/intervencion\/","name":"Intervenci\u00f3n - EMSHI","isPartOf":{"@id":"https:\/\/infallible-sinoussi.217-160-229-75.plesk.page\/#website"},"datePublished":"2022-07-21T04:49:30+00:00","dateModified":"2023-05-11T08:59:57+00:00","breadcrumb":{"@id":"https:\/\/infallible-sinoussi.217-160-229-75.plesk.page\/quienes-somos\/organizacion\/estructura\/areas-de-la-entidad\/intervencion\/#breadcrumb"},"inLanguage":"ca","potentialAction":[{"@type":"ReadAction","target":["https:\/\/infallible-sinoussi.217-160-229-75.plesk.page\/quienes-somos\/organizacion\/estructura\/areas-de-la-entidad\/intervencion\/"]}]},{"@type":"BreadcrumbList","@id":"https:\/\/infallible-sinoussi.217-160-229-75.plesk.page\/quienes-somos\/organizacion\/estructura\/areas-de-la-entidad\/intervencion\/#breadcrumb","itemListElement":[{"@type":"ListItem","position":1,"name":"Home","item":"https:\/\/infallible-sinoussi.217-160-229-75.plesk.page\/"},{"@type":"ListItem","position":2,"name":"Qui\u00e9nes Somos","item":"https:\/\/infallible-sinoussi.217-160-229-75.plesk.page\/quienes-somos\/"},{"@type":"ListItem","position":3,"name":"Organizaci\u00f3n","item":"https:\/\/infallible-sinoussi.217-160-229-75.plesk.page\/quienes-somos\/organizacion\/"},{"@type":"ListItem","position":4,"name":"Estructura","item":"https:\/\/infallible-sinoussi.217-160-229-75.plesk.page\/quienes-somos\/organizacion\/estructura\/"},{"@type":"ListItem","position":5,"name":"\u00c1reas de la entidad","item":"https:\/\/infallible-sinoussi.217-160-229-75.plesk.page\/quienes-somos\/organizacion\/estructura\/areas-de-la-entidad\/"},{"@type":"ListItem","position":6,"name":"Intervenci\u00f3n"}]},{"@type":"WebSite","@id":"https:\/\/infallible-sinoussi.217-160-229-75.plesk.page\/#website","url":"https:\/\/infallible-sinoussi.217-160-229-75.plesk.page\/","name":"EMSHI","description":"","publisher":{"@id":"https:\/\/infallible-sinoussi.217-160-229-75.plesk.page\/#organization"},"potentialAction":[{"@type":"SearchAction","target":{"@type":"EntryPoint","urlTemplate":"https:\/\/infallible-sinoussi.217-160-229-75.plesk.page\/?s={search_term_string}"},"query-input":{"@type":"PropertyValueSpecification","valueRequired":true,"valueName":"search_term_string"}}],"inLanguage":"ca"},{"@type":"Organization","@id":"https:\/\/infallible-sinoussi.217-160-229-75.plesk.page\/#organization","name":"EMSHI","url":"https:\/\/infallible-sinoussi.217-160-229-75.plesk.page\/","logo":{"@type":"ImageObject","inLanguage":"ca","@id":"https:\/\/infallible-sinoussi.217-160-229-75.plesk.page\/#\/schema\/logo\/image\/","url":"https:\/\/infallible-sinoussi.217-160-229-75.plesk.page\/wp-content\/uploads\/2022\/11\/cropped-EMSHI_VersionEspecial_RGB_CAS.png","contentUrl":"https:\/\/infallible-sinoussi.217-160-229-75.plesk.page\/wp-content\/uploads\/2022\/11\/cropped-EMSHI_VersionEspecial_RGB_CAS.png","width":1966,"height":449,"caption":"EMSHI"},"image":{"@id":"https:\/\/infallible-sinoussi.217-160-229-75.plesk.page\/#\/schema\/logo\/image\/"}}]}},"_links":{"self":[{"href":"https:\/\/infallible-sinoussi.217-160-229-75.plesk.page\/ca\/wp-json\/wp\/v2\/pages\/1488","targetHints":{"allow":["GET"]}}],"collection":[{"href":"https:\/\/infallible-sinoussi.217-160-229-75.plesk.page\/ca\/wp-json\/wp\/v2\/pages"}],"about":[{"href":"https:\/\/infallible-sinoussi.217-160-229-75.plesk.page\/ca\/wp-json\/wp\/v2\/types\/page"}],"author":[{"embeddable":true,"href":"https:\/\/infallible-sinoussi.217-160-229-75.plesk.page\/ca\/wp-json\/wp\/v2\/users\/28"}],"replies":[{"embeddable":true,"href":"https:\/\/infallible-sinoussi.217-160-229-75.plesk.page\/ca\/wp-json\/wp\/v2\/comments?post=1488"}],"version-history":[{"count":33,"href":"https:\/\/infallible-sinoussi.217-160-229-75.plesk.page\/ca\/wp-json\/wp\/v2\/pages\/1488\/revisions"}],"predecessor-version":[{"id":10774,"href":"https:\/\/infallible-sinoussi.217-160-229-75.plesk.page\/ca\/wp-json\/wp\/v2\/pages\/1488\/revisions\/10774"}],"up":[{"embeddable":true,"href":"https:\/\/infallible-sinoussi.217-160-229-75.plesk.page\/ca\/wp-json\/wp\/v2\/pages\/7128"}],"wp:attachment":[{"href":"https:\/\/infallible-sinoussi.217-160-229-75.plesk.page\/ca\/wp-json\/wp\/v2\/media?parent=1488"}],"wp:term":[{"taxonomy":"author","embeddable":true,"href":"https:\/\/infallible-sinoussi.217-160-229-75.plesk.page\/ca\/wp-json\/wp\/v2\/coauthors?post=1488"}],"curies":[{"name":"wp","href":"https:\/\/api.w.org\/{rel}","templated":true}]}}