{"id":1490,"date":"2022-07-21T06:50:10","date_gmt":"2022-07-21T04:50:10","guid":{"rendered":"<h1>Tesorer\u00eda<\/h1>\t\t\n\t\tLa Tesorer\u00eda tiene como misi\u00f3n la organizaci\u00f3n y custodia de fondos, valores y efectos de conformidad con las directrices se\u00f1aladas por la Presidencia. Servir al principio de unidad de caja, mediante la centralizaci\u00f3n de todos los f"},"modified":"2023-06-08T14:01:00","modified_gmt":"2023-06-08T12:01:00","slug":"tesoreria","status":"publish","type":"page","link":"https:\/\/infallible-sinoussi.217-160-229-75.plesk.page\/ca\/quienes-somos\/organizacion\/estructura\/areas-de-la-entidad\/tesoreria\/","title":{"rendered":"Tresoreria"},"content":{"rendered":"<div data-elementor-type=\"wp-page\" data-elementor-id=\"1490\" class=\"elementor elementor-1490\">\n\t\t\t\t\t\t<section class=\"elementor-section elementor-top-section elementor-element elementor-element-4701f46 elementor-section-boxed elementor-section-height-default elementor-section-height-default\" data-id=\"4701f46\" data-element_type=\"section\" data-settings=\"{&quot;background_background&quot;:&quot;classic&quot;}\">\n\t\t\t\t\t\t<div class=\"elementor-container elementor-column-gap-default\">\n\t\t\t\t\t<div class=\"elementor-column elementor-col-100 elementor-top-column elementor-element elementor-element-b33ef5b\" data-id=\"b33ef5b\" data-element_type=\"column\">\n\t\t\t<div class=\"elementor-widget-wrap elementor-element-populated\">\n\t\t\t\t\t\t<div class=\"elementor-element elementor-element-3e6e014 elementor-widget elementor-widget-spacer\" data-id=\"3e6e014\" data-element_type=\"widget\" data-widget_type=\"spacer.default\">\n\t\t\t\t<div class=\"elementor-widget-container\">\n\t\t\t\t\t\t\t<div class=\"elementor-spacer\">\n\t\t\t<div class=\"elementor-spacer-inner\"><\/div>\n\t\t<\/div>\n\t\t\t\t\t\t<\/div>\n\t\t\t\t<\/div>\n\t\t\t\t<div class=\"elementor-element elementor-element-193698b elementor-widget elementor-widget-heading\" data-id=\"193698b\" data-element_type=\"widget\" data-widget_type=\"heading.default\">\n\t\t\t\t<div class=\"elementor-widget-container\">\n\t\t\t\t\t<h1 class=\"elementor-heading-title elementor-size-default\">Tresoreria<\/h1>\t\t\t\t<\/div>\n\t\t\t\t<\/div>\n\t\t\t\t<div class=\"elementor-element elementor-element-cac01af elementor-widget elementor-widget-spacer\" data-id=\"cac01af\" data-element_type=\"widget\" data-widget_type=\"spacer.default\">\n\t\t\t\t<div class=\"elementor-widget-container\">\n\t\t\t\t\t\t\t<div class=\"elementor-spacer\">\n\t\t\t<div class=\"elementor-spacer-inner\"><\/div>\n\t\t<\/div>\n\t\t\t\t\t\t<\/div>\n\t\t\t\t<\/div>\n\t\t\t\t\t<\/div>\n\t\t<\/div>\n\t\t\t\t\t<\/div>\n\t\t<\/section>\n\t\t\t\t<section class=\"elementor-section elementor-top-section elementor-element elementor-element-16c7548 elementor-section-boxed elementor-section-height-default elementor-section-height-default\" data-id=\"16c7548\" data-element_type=\"section\">\n\t\t\t\t\t\t<div class=\"elementor-container elementor-column-gap-default\">\n\t\t\t\t\t<div class=\"elementor-column elementor-col-100 elementor-top-column elementor-element elementor-element-9e101b7\" data-id=\"9e101b7\" data-element_type=\"column\">\n\t\t\t<div class=\"elementor-widget-wrap elementor-element-populated\">\n\t\t\t\t\t\t<div class=\"elementor-element elementor-element-bb3bf62 elementor-widget elementor-widget-spacer\" data-id=\"bb3bf62\" data-element_type=\"widget\" data-widget_type=\"spacer.default\">\n\t\t\t\t<div class=\"elementor-widget-container\">\n\t\t\t\t\t\t\t<div class=\"elementor-spacer\">\n\t\t\t<div class=\"elementor-spacer-inner\"><\/div>\n\t\t<\/div>\n\t\t\t\t\t\t<\/div>\n\t\t\t\t<\/div>\n\t\t\t\t\t<\/div>\n\t\t<\/div>\n\t\t\t\t\t<\/div>\n\t\t<\/section>\n\t\t\t\t<section class=\"elementor-section elementor-top-section elementor-element elementor-element-c1268c3 elementor-section-boxed elementor-section-height-default elementor-section-height-default\" data-id=\"c1268c3\" data-element_type=\"section\">\n\t\t\t\t\t\t<div class=\"elementor-container elementor-column-gap-default\">\n\t\t\t\t\t<div class=\"elementor-column elementor-col-100 elementor-top-column elementor-element elementor-element-9b150a3\" data-id=\"9b150a3\" data-element_type=\"column\">\n\t\t\t<div class=\"elementor-widget-wrap elementor-element-populated\">\n\t\t\t\t\t\t<div class=\"elementor-element elementor-element-ab86a80 elementor-widget elementor-widget-text-editor\" data-id=\"ab86a80\" data-element_type=\"widget\" data-widget_type=\"text-editor.default\">\n\t\t\t\t<div class=\"elementor-widget-container\">\n\t\t\t\t\t\t\t\t\tLa Tresoreria t\u00e9 com a missi\u00f3 l'organitzaci\u00f3 i cust\u00f2dia de fons, valors i efectes de conformitat amb les directrius assenyalades per la Presid\u00e8ncia. Servir al principi d'unitat de caixa, mitjan\u00e7ant la centralitzaci\u00f3 de tots els fons valors generats per operacions pressupost\u00e0ries i extrapressupost\u00e0ries.\n\t\t\t\t\t\t\t\t<\/div>\n\t\t\t\t<\/div>\n\t\t\t\t<div class=\"elementor-element elementor-element-0b989e0 elementor-widget elementor-widget-text-editor\" data-id=\"0b989e0\" data-element_type=\"widget\" data-widget_type=\"text-editor.default\">\n\t\t\t\t<div class=\"elementor-widget-container\">\n\t\t\t\t\t\t\t\t\tTamb\u00e9 ostenta la prefectura dels Serveis recaptatoris, impulsant-los i proposant les mesures necess\u00e0ries perqu\u00e8 la cobran\u00e7a es realitze dins dels terminis assenyalats.\t\t\t\t\t\t\t\t<\/div>\n\t\t\t\t<\/div>\n\t\t\t\t\t<\/div>\n\t\t<\/div>\n\t\t\t\t\t<\/div>\n\t\t<\/section>\n\t\t\t\t<section class=\"elementor-section elementor-top-section elementor-element elementor-element-472f391 elementor-section-boxed elementor-section-height-default elementor-section-height-default\" data-id=\"472f391\" data-element_type=\"section\">\n\t\t\t\t\t\t<div class=\"elementor-container elementor-column-gap-default\">\n\t\t\t\t\t<div class=\"elementor-column elementor-col-100 elementor-top-column elementor-element elementor-element-aef91d8\" data-id=\"aef91d8\" data-element_type=\"column\">\n\t\t\t<div class=\"elementor-widget-wrap elementor-element-populated\">\n\t\t\t\t\t\t<div class=\"elementor-element elementor-element-4f731a2 elementor-widget elementor-widget-spacer\" data-id=\"4f731a2\" data-element_type=\"widget\" data-widget_type=\"spacer.default\">\n\t\t\t\t<div class=\"elementor-widget-container\">\n\t\t\t\t\t\t\t<div class=\"elementor-spacer\">\n\t\t\t<div class=\"elementor-spacer-inner\"><\/div>\n\t\t<\/div>\n\t\t\t\t\t\t<\/div>\n\t\t\t\t<\/div>\n\t\t\t\t<div class=\"elementor-element elementor-element-b3cc263 elementor-widget elementor-widget-heading\" data-id=\"b3cc263\" data-element_type=\"widget\" data-widget_type=\"heading.default\">\n\t\t\t\t<div class=\"elementor-widget-container\">\n\t\t\t\t\t<h3 class=\"elementor-heading-title elementor-size-default\">Registre de Tercers<\/h3>\t\t\t\t<\/div>\n\t\t\t\t<\/div>\n\t\t\t\t<div class=\"elementor-element elementor-element-ab6aa45 elementor-view-framed elementor-position-inline-start elementor-shape-circle elementor-mobile-position-block-start elementor-widget elementor-widget-icon-box\" data-id=\"ab6aa45\" data-element_type=\"widget\" data-widget_type=\"icon-box.default\">\n\t\t\t\t<div class=\"elementor-widget-container\">\n\t\t\t\t\t\t\t<div class=\"elementor-icon-box-wrapper\">\n\n\t\t\t\t\t\t<div class=\"elementor-icon-box-icon\">\n\t\t\t\t<a href=\"https:\/\/infallible-sinoussi.217-160-229-75.plesk.page\/wp-content\/uploads\/2023\/02\/F-07-REGISTRO-DE-TERCEROS.pdf\" target=\"_blank\" rel=\"nofollow\" class=\"elementor-icon\" tabindex=\"-1\" aria-label=\"Desc\u00e0rrega de sol\u00b7licitud d&#039;alta de tercers, procediment de pagament i modificaci\u00f3 de dades banc\u00e0ries.\">\n\t\t\t\t<i aria-hidden=\"true\" class=\"fas fa-file-pdf\"><\/i>\t\t\t\t<\/a>\n\t\t\t<\/div>\n\t\t\t\n\t\t\t\t\t\t<div class=\"elementor-icon-box-content\">\n\n\t\t\t\t\t\t\t\t\t<h3 class=\"elementor-icon-box-title\">\n\t\t\t\t\t\t<a href=\"https:\/\/infallible-sinoussi.217-160-229-75.plesk.page\/wp-content\/uploads\/2023\/02\/F-07-REGISTRO-DE-TERCEROS.pdf\" target=\"_blank\" rel=\"nofollow\" >\n\t\t\t\t\t\t\tDesc\u00e0rrega de sol\u00b7licitud d'alta de tercers, procediment de pagament i modificaci\u00f3 de dades banc\u00e0ries.\t\t\t\t\t\t<\/a>\n\t\t\t\t\t<\/h3>\n\t\t\t\t\n\t\t\t\t\t\t\t\t\t<p class=\"elementor-icon-box-description\">\n\t\t\t\t\t\tFormat PDF\t\t\t\t\t<\/p>\n\t\t\t\t\n\t\t\t<\/div>\n\t\t\t\n\t\t<\/div>\n\t\t\t\t\t\t<\/div>\n\t\t\t\t<\/div>\n\t\t\t\t<div class=\"elementor-element elementor-element-ddcf1d2 elementor-view-framed elementor-position-inline-start elementor-shape-circle elementor-mobile-position-block-start elementor-widget elementor-widget-icon-box\" data-id=\"ddcf1d2\" data-element_type=\"widget\" data-widget_type=\"icon-box.default\">\n\t\t\t\t<div class=\"elementor-widget-container\">\n\t\t\t\t\t\t\t<div class=\"elementor-icon-box-wrapper\">\n\n\t\t\t\t\t\t<div class=\"elementor-icon-box-icon\">\n\t\t\t\t<a href=\"https:\/\/infallible-sinoussi.217-160-229-75.plesk.page\/wp-content\/uploads\/2023\/02\/F-07-REGISTRO-DE-TERCEROS-1.doc\" target=\"_blank\" rel=\"nofollow\" class=\"elementor-icon\" tabindex=\"-1\" aria-label=\"Desc\u00e0rrega de sol\u00b7licitud d&#039;alta de tercers, procediment de pagament i modificaci\u00f3 de dades banc\u00e0ries.\">\n\t\t\t\t<i aria-hidden=\"true\" class=\"fas fa-file-word\"><\/i>\t\t\t\t<\/a>\n\t\t\t<\/div>\n\t\t\t\n\t\t\t\t\t\t<div class=\"elementor-icon-box-content\">\n\n\t\t\t\t\t\t\t\t\t<h3 class=\"elementor-icon-box-title\">\n\t\t\t\t\t\t<a href=\"https:\/\/infallible-sinoussi.217-160-229-75.plesk.page\/wp-content\/uploads\/2023\/02\/F-07-REGISTRO-DE-TERCEROS-1.doc\" target=\"_blank\" rel=\"nofollow\" >\n\t\t\t\t\t\t\tDesc\u00e0rrega de sol\u00b7licitud d'alta de tercers, procediment de pagament i modificaci\u00f3 de dades banc\u00e0ries.\t\t\t\t\t\t<\/a>\n\t\t\t\t\t<\/h3>\n\t\t\t\t\n\t\t\t\t\t\t\t\t\t<p class=\"elementor-icon-box-description\">\n\t\t\t\t\t\tFormat word.\t\t\t\t\t<\/p>\n\t\t\t\t\n\t\t\t<\/div>\n\t\t\t\n\t\t<\/div>\n\t\t\t\t\t\t<\/div>\n\t\t\t\t<\/div>\n\t\t\t\t\t<\/div>\n\t\t<\/div>\n\t\t\t\t\t<\/div>\n\t\t<\/section>\n\t\t\t\t<section class=\"elementor-section elementor-top-section elementor-element elementor-element-fe7cf55 elementor-section-boxed elementor-section-height-default elementor-section-height-default\" data-id=\"fe7cf55\" data-element_type=\"section\">\n\t\t\t\t\t\t<div class=\"elementor-container elementor-column-gap-default\">\n\t\t\t\t\t<div class=\"elementor-column elementor-col-100 elementor-top-column elementor-element elementor-element-21d0991\" data-id=\"21d0991\" data-element_type=\"column\">\n\t\t\t<div class=\"elementor-widget-wrap elementor-element-populated\">\n\t\t\t\t\t\t<div class=\"elementor-element elementor-element-b8b708f elementor-widget elementor-widget-spacer\" data-id=\"b8b708f\" data-element_type=\"widget\" data-widget_type=\"spacer.default\">\n\t\t\t\t<div class=\"elementor-widget-container\">\n\t\t\t\t\t\t\t<div class=\"elementor-spacer\">\n\t\t\t<div class=\"elementor-spacer-inner\"><\/div>\n\t\t<\/div>\n\t\t\t\t\t\t<\/div>\n\t\t\t\t<\/div>\n\t\t\t\t\t<\/div>\n\t\t<\/div>\n\t\t\t\t\t<\/div>\n\t\t<\/section>\n\t\t\t\t<\/div>","protected":false},"excerpt":{"rendered":"<p>Tesorer\u00eda La Tesorer\u00eda tiene como misi\u00f3n la organizaci\u00f3n y custodia de fondos, valores y efectos de conformidad con las directrices se\u00f1aladas por la Presidencia. Servir al principio de unidad de caja, mediante la centralizaci\u00f3n de todos los fondos valores generados por operaciones presupuestarias y extrapresupuestarias. Tambi\u00e9n ostenta la jefatura de los Servicios recaudatorios, impuls\u00e1ndolos y [&hellip;]<\/p>","protected":false},"author":28,"featured_media":0,"parent":7128,"menu_order":0,"comment_status":"closed","ping_status":"closed","template":"elementor_header_footer","meta":{"site-sidebar-layout":"no-sidebar","site-content-layout":"page-builder","ast-site-content-layout":"default","site-content-style":"default","site-sidebar-style":"default","ast-global-header-display":"","ast-banner-title-visibility":"","ast-main-header-display":"","ast-hfb-above-header-display":"","ast-hfb-below-header-display":"","ast-hfb-mobile-header-display":"","site-post-title":"disabled","ast-breadcrumbs-content":"","ast-featured-img":"disabled","footer-sml-layout":"","ast-disable-related-posts":"","theme-transparent-header-meta":"","adv-header-id-meta":"","stick-header-meta":"","header-above-stick-meta":"","header-main-stick-meta":"","header-below-stick-meta":"","astra-migrate-meta-layouts":"default","ast-page-background-enabled":"default","ast-page-background-meta":{"desktop":{"background-color":"var(--ast-global-color-4)","background-image":"","background-repeat":"repeat","background-position":"center center","background-size":"auto","background-attachment":"scroll","background-type":"","background-media":"","overlay-type":"","overlay-color":"","overlay-opacity":"","overlay-gradient":""},"tablet":{"background-color":"","background-image":"","background-repeat":"repeat","background-position":"center center","background-size":"auto","background-attachment":"scroll","background-type":"","background-media":"","overlay-type":"","overlay-color":"","overlay-opacity":"","overlay-gradient":""},"mobile":{"background-color":"","background-image":"","background-repeat":"repeat","background-position":"center center","background-size":"auto","background-attachment":"scroll","background-type":"","background-media":"","overlay-type":"","overlay-color":"","overlay-opacity":"","overlay-gradient":""}},"ast-content-background-meta":{"desktop":{"background-color":"var(--ast-global-color-5)","background-image":"","background-repeat":"repeat","background-position":"center center","background-size":"auto","background-attachment":"scroll","background-type":"","background-media":"","overlay-type":"","overlay-color":"","overlay-opacity":"","overlay-gradient":""},"tablet":{"background-color":"var(--ast-global-color-5)","background-image":"","background-repeat":"repeat","background-position":"center center","background-size":"auto","background-attachment":"scroll","background-type":"","background-media":"","overlay-type":"","overlay-color":"","overlay-opacity":"","overlay-gradient":""},"mobile":{"background-color":"var(--ast-global-color-5)","background-image":"","background-repeat":"repeat","background-position":"center center","background-size":"auto","background-attachment":"scroll","background-type":"","background-media":"","overlay-type":"","overlay-color":"","overlay-opacity":"","overlay-gradient":""}},"footnotes":""},"coauthors":[59,58,61],"class_list":["post-1490","page","type-page","status-publish","hentry"],"yoast_head":"<!-- This site is optimized with the Yoast SEO plugin v26.6 - https:\/\/yoast.com\/wordpress\/plugins\/seo\/ -->\n<title>Tesorer\u00eda - EMSHI<\/title>\n<meta name=\"robots\" content=\"noindex, follow, max-snippet:-1, max-image-preview:large, max-video-preview:-1\" \/>\n<meta property=\"og:locale\" content=\"ca_ES\" \/>\n<meta property=\"og:type\" content=\"article\" \/>\n<meta property=\"og:title\" content=\"Tesorer\u00eda - EMSHI\" \/>\n<meta property=\"og:description\" content=\"Tesorer\u00eda La Tesorer\u00eda tiene como misi\u00f3n la organizaci\u00f3n y custodia de fondos, valores y efectos de conformidad con las directrices se\u00f1aladas por la Presidencia. Servir al principio de unidad de caja, mediante la centralizaci\u00f3n de todos los fondos valores generados por operaciones presupuestarias y extrapresupuestarias. Tambi\u00e9n ostenta la jefatura de los Servicios recaudatorios, impuls\u00e1ndolos y [&hellip;]\" \/>\n<meta property=\"og:url\" content=\"https:\/\/infallible-sinoussi.217-160-229-75.plesk.page\/ca\/quienes-somos\/organizacion\/estructura\/areas-de-la-entidad\/tesoreria\/\" \/>\n<meta property=\"og:site_name\" content=\"EMSHI\" \/>\n<meta property=\"article:modified_time\" content=\"2023-06-08T12:01:00+00:00\" \/>\n<meta name=\"twitter:card\" content=\"summary_large_image\" \/>\n<meta name=\"twitter:label1\" content=\"Temps estimat de lectura\" \/>\n\t<meta name=\"twitter:data1\" content=\"1 minut\" \/>\n\t<meta name=\"twitter:label2\" content=\"Written by\" \/>\n\t<meta name=\"twitter:data2\" content=\"Irene Lopez Barroso, Juana Chiner Belenguer, TechScribeOdec\" \/>\n<script type=\"application\/ld+json\" class=\"yoast-schema-graph\">{\"@context\":\"https:\/\/schema.org\",\"@graph\":[{\"@type\":\"WebPage\",\"@id\":\"https:\/\/infallible-sinoussi.217-160-229-75.plesk.page\/quienes-somos\/organizacion\/estructura\/areas-de-la-entidad\/tesoreria\/\",\"url\":\"https:\/\/infallible-sinoussi.217-160-229-75.plesk.page\/quienes-somos\/organizacion\/estructura\/areas-de-la-entidad\/tesoreria\/\",\"name\":\"Tesorer\u00eda - EMSHI\",\"isPartOf\":{\"@id\":\"https:\/\/infallible-sinoussi.217-160-229-75.plesk.page\/#website\"},\"datePublished\":\"2022-07-21T04:50:10+00:00\",\"dateModified\":\"2023-06-08T12:01:00+00:00\",\"breadcrumb\":{\"@id\":\"https:\/\/infallible-sinoussi.217-160-229-75.plesk.page\/quienes-somos\/organizacion\/estructura\/areas-de-la-entidad\/tesoreria\/#breadcrumb\"},\"inLanguage\":\"ca\",\"potentialAction\":[{\"@type\":\"ReadAction\",\"target\":[\"https:\/\/infallible-sinoussi.217-160-229-75.plesk.page\/quienes-somos\/organizacion\/estructura\/areas-de-la-entidad\/tesoreria\/\"]}]},{\"@type\":\"BreadcrumbList\",\"@id\":\"https:\/\/infallible-sinoussi.217-160-229-75.plesk.page\/quienes-somos\/organizacion\/estructura\/areas-de-la-entidad\/tesoreria\/#breadcrumb\",\"itemListElement\":[{\"@type\":\"ListItem\",\"position\":1,\"name\":\"Home\",\"item\":\"https:\/\/infallible-sinoussi.217-160-229-75.plesk.page\/\"},{\"@type\":\"ListItem\",\"position\":2,\"name\":\"Qui\u00e9nes Somos\",\"item\":\"https:\/\/infallible-sinoussi.217-160-229-75.plesk.page\/quienes-somos\/\"},{\"@type\":\"ListItem\",\"position\":3,\"name\":\"Organizaci\u00f3n\",\"item\":\"https:\/\/infallible-sinoussi.217-160-229-75.plesk.page\/quienes-somos\/organizacion\/\"},{\"@type\":\"ListItem\",\"position\":4,\"name\":\"Estructura\",\"item\":\"https:\/\/infallible-sinoussi.217-160-229-75.plesk.page\/quienes-somos\/organizacion\/estructura\/\"},{\"@type\":\"ListItem\",\"position\":5,\"name\":\"\u00c1reas de la entidad\",\"item\":\"https:\/\/infallible-sinoussi.217-160-229-75.plesk.page\/quienes-somos\/organizacion\/estructura\/areas-de-la-entidad\/\"},{\"@type\":\"ListItem\",\"position\":6,\"name\":\"Tesorer\u00eda\"}]},{\"@type\":\"WebSite\",\"@id\":\"https:\/\/infallible-sinoussi.217-160-229-75.plesk.page\/#website\",\"url\":\"https:\/\/infallible-sinoussi.217-160-229-75.plesk.page\/\",\"name\":\"EMSHI\",\"description\":\"\",\"publisher\":{\"@id\":\"https:\/\/infallible-sinoussi.217-160-229-75.plesk.page\/#organization\"},\"potentialAction\":[{\"@type\":\"SearchAction\",\"target\":{\"@type\":\"EntryPoint\",\"urlTemplate\":\"https:\/\/infallible-sinoussi.217-160-229-75.plesk.page\/?s={search_term_string}\"},\"query-input\":{\"@type\":\"PropertyValueSpecification\",\"valueRequired\":true,\"valueName\":\"search_term_string\"}}],\"inLanguage\":\"ca\"},{\"@type\":\"Organization\",\"@id\":\"https:\/\/infallible-sinoussi.217-160-229-75.plesk.page\/#organization\",\"name\":\"EMSHI\",\"url\":\"https:\/\/infallible-sinoussi.217-160-229-75.plesk.page\/\",\"logo\":{\"@type\":\"ImageObject\",\"inLanguage\":\"ca\",\"@id\":\"https:\/\/infallible-sinoussi.217-160-229-75.plesk.page\/#\/schema\/logo\/image\/\",\"url\":\"https:\/\/infallible-sinoussi.217-160-229-75.plesk.page\/wp-content\/uploads\/2022\/11\/cropped-EMSHI_VersionEspecial_RGB_CAS.png\",\"contentUrl\":\"https:\/\/infallible-sinoussi.217-160-229-75.plesk.page\/wp-content\/uploads\/2022\/11\/cropped-EMSHI_VersionEspecial_RGB_CAS.png\",\"width\":1966,\"height\":449,\"caption\":\"EMSHI\"},\"image\":{\"@id\":\"https:\/\/infallible-sinoussi.217-160-229-75.plesk.page\/#\/schema\/logo\/image\/\"}}]}<\/script>\n<!-- \/ Yoast SEO plugin. -->","yoast_head_json":{"title":"Tesorer\u00eda - EMSHI","robots":{"index":"noindex","follow":"follow","max-snippet":"max-snippet:-1","max-image-preview":"max-image-preview:large","max-video-preview":"max-video-preview:-1"},"og_locale":"ca_ES","og_type":"article","og_title":"Tesorer\u00eda - EMSHI","og_description":"Tesorer\u00eda La Tesorer\u00eda tiene como misi\u00f3n la organizaci\u00f3n y custodia de fondos, valores y efectos de conformidad con las directrices se\u00f1aladas por la Presidencia. Servir al principio de unidad de caja, mediante la centralizaci\u00f3n de todos los fondos valores generados por operaciones presupuestarias y extrapresupuestarias. Tambi\u00e9n ostenta la jefatura de los Servicios recaudatorios, impuls\u00e1ndolos y [&hellip;]","og_url":"https:\/\/infallible-sinoussi.217-160-229-75.plesk.page\/ca\/quienes-somos\/organizacion\/estructura\/areas-de-la-entidad\/tesoreria\/","og_site_name":"EMSHI","article_modified_time":"2023-06-08T12:01:00+00:00","twitter_card":"summary_large_image","twitter_misc":{"Temps estimat de lectura":"1 minut","Written by":"Irene Lopez Barroso, Juana Chiner Belenguer, TechScribeOdec"},"schema":{"@context":"https:\/\/schema.org","@graph":[{"@type":"WebPage","@id":"https:\/\/infallible-sinoussi.217-160-229-75.plesk.page\/quienes-somos\/organizacion\/estructura\/areas-de-la-entidad\/tesoreria\/","url":"https:\/\/infallible-sinoussi.217-160-229-75.plesk.page\/quienes-somos\/organizacion\/estructura\/areas-de-la-entidad\/tesoreria\/","name":"Tesorer\u00eda - EMSHI","isPartOf":{"@id":"https:\/\/infallible-sinoussi.217-160-229-75.plesk.page\/#website"},"datePublished":"2022-07-21T04:50:10+00:00","dateModified":"2023-06-08T12:01:00+00:00","breadcrumb":{"@id":"https:\/\/infallible-sinoussi.217-160-229-75.plesk.page\/quienes-somos\/organizacion\/estructura\/areas-de-la-entidad\/tesoreria\/#breadcrumb"},"inLanguage":"ca","potentialAction":[{"@type":"ReadAction","target":["https:\/\/infallible-sinoussi.217-160-229-75.plesk.page\/quienes-somos\/organizacion\/estructura\/areas-de-la-entidad\/tesoreria\/"]}]},{"@type":"BreadcrumbList","@id":"https:\/\/infallible-sinoussi.217-160-229-75.plesk.page\/quienes-somos\/organizacion\/estructura\/areas-de-la-entidad\/tesoreria\/#breadcrumb","itemListElement":[{"@type":"ListItem","position":1,"name":"Home","item":"https:\/\/infallible-sinoussi.217-160-229-75.plesk.page\/"},{"@type":"ListItem","position":2,"name":"Qui\u00e9nes Somos","item":"https:\/\/infallible-sinoussi.217-160-229-75.plesk.page\/quienes-somos\/"},{"@type":"ListItem","position":3,"name":"Organizaci\u00f3n","item":"https:\/\/infallible-sinoussi.217-160-229-75.plesk.page\/quienes-somos\/organizacion\/"},{"@type":"ListItem","position":4,"name":"Estructura","item":"https:\/\/infallible-sinoussi.217-160-229-75.plesk.page\/quienes-somos\/organizacion\/estructura\/"},{"@type":"ListItem","position":5,"name":"\u00c1reas de la entidad","item":"https:\/\/infallible-sinoussi.217-160-229-75.plesk.page\/quienes-somos\/organizacion\/estructura\/areas-de-la-entidad\/"},{"@type":"ListItem","position":6,"name":"Tesorer\u00eda"}]},{"@type":"WebSite","@id":"https:\/\/infallible-sinoussi.217-160-229-75.plesk.page\/#website","url":"https:\/\/infallible-sinoussi.217-160-229-75.plesk.page\/","name":"EMSHI","description":"","publisher":{"@id":"https:\/\/infallible-sinoussi.217-160-229-75.plesk.page\/#organization"},"potentialAction":[{"@type":"SearchAction","target":{"@type":"EntryPoint","urlTemplate":"https:\/\/infallible-sinoussi.217-160-229-75.plesk.page\/?s={search_term_string}"},"query-input":{"@type":"PropertyValueSpecification","valueRequired":true,"valueName":"search_term_string"}}],"inLanguage":"ca"},{"@type":"Organization","@id":"https:\/\/infallible-sinoussi.217-160-229-75.plesk.page\/#organization","name":"EMSHI","url":"https:\/\/infallible-sinoussi.217-160-229-75.plesk.page\/","logo":{"@type":"ImageObject","inLanguage":"ca","@id":"https:\/\/infallible-sinoussi.217-160-229-75.plesk.page\/#\/schema\/logo\/image\/","url":"https:\/\/infallible-sinoussi.217-160-229-75.plesk.page\/wp-content\/uploads\/2022\/11\/cropped-EMSHI_VersionEspecial_RGB_CAS.png","contentUrl":"https:\/\/infallible-sinoussi.217-160-229-75.plesk.page\/wp-content\/uploads\/2022\/11\/cropped-EMSHI_VersionEspecial_RGB_CAS.png","width":1966,"height":449,"caption":"EMSHI"},"image":{"@id":"https:\/\/infallible-sinoussi.217-160-229-75.plesk.page\/#\/schema\/logo\/image\/"}}]}},"_links":{"self":[{"href":"https:\/\/infallible-sinoussi.217-160-229-75.plesk.page\/ca\/wp-json\/wp\/v2\/pages\/1490","targetHints":{"allow":["GET"]}}],"collection":[{"href":"https:\/\/infallible-sinoussi.217-160-229-75.plesk.page\/ca\/wp-json\/wp\/v2\/pages"}],"about":[{"href":"https:\/\/infallible-sinoussi.217-160-229-75.plesk.page\/ca\/wp-json\/wp\/v2\/types\/page"}],"author":[{"embeddable":true,"href":"https:\/\/infallible-sinoussi.217-160-229-75.plesk.page\/ca\/wp-json\/wp\/v2\/users\/28"}],"replies":[{"embeddable":true,"href":"https:\/\/infallible-sinoussi.217-160-229-75.plesk.page\/ca\/wp-json\/wp\/v2\/comments?post=1490"}],"version-history":[{"count":30,"href":"https:\/\/infallible-sinoussi.217-160-229-75.plesk.page\/ca\/wp-json\/wp\/v2\/pages\/1490\/revisions"}],"predecessor-version":[{"id":10366,"href":"https:\/\/infallible-sinoussi.217-160-229-75.plesk.page\/ca\/wp-json\/wp\/v2\/pages\/1490\/revisions\/10366"}],"up":[{"embeddable":true,"href":"https:\/\/infallible-sinoussi.217-160-229-75.plesk.page\/ca\/wp-json\/wp\/v2\/pages\/7128"}],"wp:attachment":[{"href":"https:\/\/infallible-sinoussi.217-160-229-75.plesk.page\/ca\/wp-json\/wp\/v2\/media?parent=1490"}],"wp:term":[{"taxonomy":"author","embeddable":true,"href":"https:\/\/infallible-sinoussi.217-160-229-75.plesk.page\/ca\/wp-json\/wp\/v2\/coauthors?post=1490"}],"curies":[{"name":"wp","href":"https:\/\/api.w.org\/{rel}","templated":true}]}}