{"id":2178,"date":"2022-08-10T13:36:49","date_gmt":"2022-08-10T11:36:49","guid":{"rendered":"http:\/\/www.emshi.gob.es\/?page_id=2178"},"modified":"2023-10-17T10:11:44","modified_gmt":"2023-10-17T08:11:44","slug":"composicion-asamblea","status":"publish","type":"page","link":"https:\/\/infallible-sinoussi.217-160-229-75.plesk.page\/ca\/quienes-somos\/organizacion\/organos-del-gobierno\/composicion-asamblea\/","title":{"rendered":"Composici\u00f3 Assemblea"},"content":{"rendered":"<div data-elementor-type=\"wp-page\" data-elementor-id=\"2178\" class=\"elementor elementor-2178\">\n\t\t\t\t\t\t<section class=\"elementor-section elementor-top-section elementor-element elementor-element-7ab9d3c elementor-section-boxed elementor-section-height-default elementor-section-height-default\" data-id=\"7ab9d3c\" data-element_type=\"section\" data-settings=\"{&quot;background_background&quot;:&quot;classic&quot;}\">\n\t\t\t\t\t\t<div class=\"elementor-container elementor-column-gap-default\">\n\t\t\t\t\t<div class=\"elementor-column elementor-col-100 elementor-top-column elementor-element elementor-element-ae006b7\" data-id=\"ae006b7\" data-element_type=\"column\">\n\t\t\t<div class=\"elementor-widget-wrap elementor-element-populated\">\n\t\t\t\t\t\t<div class=\"elementor-element elementor-element-0fc7512 elementor-widget elementor-widget-spacer\" data-id=\"0fc7512\" data-element_type=\"widget\" data-widget_type=\"spacer.default\">\n\t\t\t\t<div class=\"elementor-widget-container\">\n\t\t\t\t\t\t\t<div class=\"elementor-spacer\">\n\t\t\t<div class=\"elementor-spacer-inner\"><\/div>\n\t\t<\/div>\n\t\t\t\t\t\t<\/div>\n\t\t\t\t<\/div>\n\t\t\t\t<div class=\"elementor-element elementor-element-a6a09db elementor-widget elementor-widget-heading\" data-id=\"a6a09db\" data-element_type=\"widget\" data-widget_type=\"heading.default\">\n\t\t\t\t<div class=\"elementor-widget-container\">\n\t\t\t\t\t<h1 class=\"elementor-heading-title elementor-size-default\">Assemblea<\/h1>\t\t\t\t<\/div>\n\t\t\t\t<\/div>\n\t\t\t\t<div class=\"elementor-element elementor-element-bc6943a elementor-widget elementor-widget-spacer\" data-id=\"bc6943a\" data-element_type=\"widget\" data-widget_type=\"spacer.default\">\n\t\t\t\t<div class=\"elementor-widget-container\">\n\t\t\t\t\t\t\t<div class=\"elementor-spacer\">\n\t\t\t<div class=\"elementor-spacer-inner\"><\/div>\n\t\t<\/div>\n\t\t\t\t\t\t<\/div>\n\t\t\t\t<\/div>\n\t\t\t\t\t<\/div>\n\t\t<\/div>\n\t\t\t\t\t<\/div>\n\t\t<\/section>\n\t\t\t\t<section class=\"elementor-section elementor-top-section elementor-element elementor-element-a330abb elementor-section-boxed elementor-section-height-default elementor-section-height-default\" data-id=\"a330abb\" data-element_type=\"section\">\n\t\t\t\t\t\t<div class=\"elementor-container elementor-column-gap-default\">\n\t\t\t\t\t<div class=\"elementor-column elementor-col-100 elementor-top-column elementor-element elementor-element-cada49f\" data-id=\"cada49f\" data-element_type=\"column\">\n\t\t\t<div class=\"elementor-widget-wrap elementor-element-populated\">\n\t\t\t\t\t\t<div class=\"elementor-element elementor-element-3b30930 elementor-widget elementor-widget-spacer\" data-id=\"3b30930\" data-element_type=\"widget\" data-widget_type=\"spacer.default\">\n\t\t\t\t<div class=\"elementor-widget-container\">\n\t\t\t\t\t\t\t<div class=\"elementor-spacer\">\n\t\t\t<div class=\"elementor-spacer-inner\"><\/div>\n\t\t<\/div>\n\t\t\t\t\t\t<\/div>\n\t\t\t\t<\/div>\n\t\t\t\t<div class=\"elementor-element elementor-element-7ec0352 elementor-widget elementor-widget-heading\" data-id=\"7ec0352\" data-element_type=\"widget\" data-widget_type=\"heading.default\">\n\t\t\t\t<div class=\"elementor-widget-container\">\n\t\t\t\t\t<h3 class=\"elementor-heading-title elementor-size-default\">Composici\u00f3 de l'Assemblea 2019-2023 <\/h3>\t\t\t\t<\/div>\n\t\t\t\t<\/div>\n\t\t\t\t<div class=\"elementor-element elementor-element-0aaa7fd elementor-widget elementor-widget-eael-advanced-data-table\" data-id=\"0aaa7fd\" data-element_type=\"widget\" data-widget_type=\"eael-advanced-data-table.default\">\n\t\t\t\t<div class=\"elementor-widget-container\">\n\t\t\t\t\t<div class=\"ea-advanced-data-table-wrap\" data-id=\"0aaa7fd\"><div class=\"ea-advanced-data-table-search-wrap ea-advanced-data-table-search-right\"><input type=\"search\" placeholder=\"Cercar\" class=\"ea-advanced-data-table-search\"><\/div><div class=\"ea-advanced-data-table-wrap-inner\">\n                <table class=\"ea-advanced-data-table ea-advanced-data-table-static ea-advanced-data-table-0aaa7fd ea-advanced-data-table-sortable ea-advanced-data-table-searchable\" data-id=\"0aaa7fd\"><thead><tr><th>Municipi<\/th><th>Vots<\/th><th>Titular<\/th><th>Partit<\/th><th>Suplent<\/th><th>Partit<\/th><\/tr><\/thead><tbody><tr><td>Alaqu\u00e0s<\/td><td>3<\/td><td>Antonio Saura Mart\u00edn<\/td><td>PSPV-PSOE<\/td><td>Sebasti\u00e1n Ruiz Flores<\/td><td>PSPV-PSOE<\/td><\/tr><tr><td>Albal<\/td><td>2<\/td><td>Ramon Mari Vila<\/td><td>PSPV-PSOE<\/td><td>M\u00aa Dolores Mart\u00ednez Sanch\u00eds<\/td><td>PSPV-PSOE<\/td><\/tr><tr><td>Albalat dels sorells<\/td><td>1<\/td><td>Pablo Espinosa Alcobendas<\/td><td>PSPV-PSOE<\/td><td>Consuelo Palomares Huguet<\/td><td>PSPV-PSOE<\/td><\/tr><tr><td>Alboraya<\/td><td>3<\/td><td>Manuel Jos\u00e9 Ma\u00f1ez Esteve<\/td><td>PP<\/td><td><p>Per designar<\/p><\/td><\/tr><tr><td>Albuixech<\/td><td>1<\/td><td>Jos\u00e9 Vicente Andreu Castell\u00f3<\/td><td>PSPV-PSOE<\/td><td>Cynthia Garc\u00eda Margaix<\/td><td>PSPV-PSOE<\/td><\/tr><tr><td>Alc\u00e0sser<\/td><td>1<\/td><td>M\u00aa Jos\u00e9 Garc\u00eda Jim\u00e9nez<\/td><td>Ciudadanos<\/td><td>Eva Isabel Zamora Chanz\u00e1<\/td><td>PSPV-PSOE<\/td><\/tr><tr><td>Aldaia<\/td><td>4<\/td><td>Guillermo Luj\u00e1n Valero<\/td><td>PSPV-PSOE<\/td><td>Jes\u00fas Valero Meseguer<\/td><td>PSPV-PSOE<\/td><\/tr><tr><td>Alfafar<\/td><td>3<\/td><td>Encarna Mu\u00f1oz Pons<\/td><td>PP<\/td><td>Josefa Carre\u00f1o Rodr\u00edguez<\/td><td>PP<\/td><\/tr><tr><td>Alfara del Patriarca<\/td><td>1<\/td><td>Luisa Almod\u00f3var Torres<\/td><td>PSPV-PSOE<\/td><td>Sonia Rodado Mora<\/td><td>PSPV-PSOE<\/td><\/tr><tr><td>Alm\u00e0ssera<\/td><td>1<\/td><td>Ram\u00f3n Puchades Bort<\/td><td>PSPV-PSOE<\/td><td>Aitor Ram\u00f3n Alcaide<\/td><td>PSPV-PSOE<\/td><\/tr><tr><td>Benet\u00fasser<\/td><td>2<\/td><td>M\u00aa Dolores Tar\u00edn Belda<\/td><td>PSPV-PSOE<\/td><td>Aroa Juan Rueda<\/td><td>PSPV-PSOE<\/td><\/tr><tr><td>Beniparrell<\/td><td>1<\/td><td>Ana Gim\u00e9nez Piquer<\/td><td>Comprom\u00eds<\/td><td>Salvador Masaroca Delhom<\/td><td>Comprom\u00eds<\/td><\/tr><tr><td>Bonrep\u00f3s i Mirambell<\/td><td>1<\/td><td>Raquel Ramiro Pizarroso<\/td><td>PSPV-PSOE<\/td><td>Jos\u00e9 Manuel Alberich Real<\/td><td>PSPV-PSOE<\/td><\/tr><tr><td>Burjassot<\/td><td>4<\/td><td>Rafael Garc\u00eda Garc\u00eda<\/td><td>PSPV-PSOE<\/td><td>Manuel P\u00e9rez Menero<\/td><td>PSPV-PSOE<\/td><\/tr><tr><td>Catarroja<\/td><td>3<\/td><td>Alejandro Garc\u00eda Alapont<\/td><td>PSPV-PSOE<\/td><td><p>Juan C. Mart\u00ednez Cuevas<\/p><\/td><td>PSPV-PSOE<\/td><\/tr><tr><td>El Puig de Santa Mar\u00eda<\/td><td>1<\/td><td>Marc Oriola Pl\u00e1<\/td><td>PSPV-PSOE<\/td><td>Fernando Checa L\u00f3pez del Castillo<\/td><td>PSPV-PSOE<\/td><\/tr><tr><td>Emperador<\/td><td>1<\/td><td>Alberto Bayarri Remol\u00ed<\/td><td>PP<\/td><td>Jos\u00e9 Ricardo Vento Belda<\/td><td>PP<\/td><\/tr><tr><td>Foios<\/td><td>1<\/td><td>Juan Jos\u00e9 Civera Bendicho<\/td><td>PSPV-PSOE<\/td><td>Amparo P\u00e9rez Sanju\u00e1n<\/td><td>Comprom\u00eds<\/td><\/tr><tr><td>Godella<\/td><td>2<\/td><td>Carles Franc\u00e9s Mart\u00ednez<\/td><td>Comprom\u00eds<\/td><td>Antonio Segura M\u00e1rmol<\/td><td>PSPV-PSOE<\/td><\/tr><tr><td>La Pobla de Farnals<\/td><td>1<\/td><td>Enric Palanca Torres<\/td><td>PSPV-PSOE<\/td><td>M\u00aa Luisa Arag\u00f3 Villena<\/td><td>PSPV-PSOE<\/td><\/tr><tr><td>Lloc nou de la Corona<\/td><td>1<\/td><td>Rub\u00e9n Molina Fern\u00e1ndez<\/td><td>PP<\/td><td>Francisca Llopis C\u00e1novas<\/td><td>PP<\/td><\/tr><tr><td>Manises<\/td><td>4<\/td><td><p>\u00c1ngel Mora Blasco<\/p><\/td><td>PSPV-PSOE<\/td><td>Jes\u00fas M. Borr\u00e1s i Sanchis<\/td><td>APM Comprom\u00eds<\/td><\/tr><tr><td>Massalfassar<\/td><td>1<\/td><td><p>\u00c1ngel Oltra Soro<\/p><\/td><td><p>Comprom\u00eds<\/p><\/td><td><p>Empar Mart\u00ednez Zahonero<\/p><\/td><td><p>Comprom\u00eds<\/p><\/td><\/tr><tr><td>Massamagrell<\/td><td>2<\/td><td>Per designar<\/td><td><p><br><\/p><\/td><td>Francisco G\u00f3mez Laserna<\/td><td>PSPV-PSOE<\/td><\/tr><tr><td>Massanassa<\/td><td>1<\/td><td>Francisco A. Comes Monmeneu<\/td><td>PP<\/td><td>Israel Alfonso Sargues<\/td><td><p>PP<\/p><\/td><\/tr><tr><td>Meliana<\/td><td>2<\/td><td>Josep Mateu Lahoz<\/td><td>PSPV-PSOE<\/td><td>Manuel Ferrer Ramos<\/td><td>PSPV-PSOE<\/td><\/tr><tr><td>Mislata<\/td><td>5<\/td><td>Carlos Fern\u00e1ndez Bielsa<\/td><td>PSPV-PSOE<\/td><td>M\u00aa Luisa Mart\u00ednez Mora<\/td><td>PSPV-PSOE<\/td><\/tr><tr><td>Moncada<\/td><td>3<\/td><td>Agust\u00edn E. Sales Latorre<\/td><td>PSPV-PSOE<\/td><td>M\u00aa Amparo Orts Albiach<\/td><td>PSPV-PSOE<\/td><\/tr><tr><td>Montroi<\/td><td>1<\/td><td>Mauricio Josu\u00e9 Dur\u00e1n Morales<\/td><td>Tots som Montroi<\/td><td>Vicente Moya Mateu<\/td><td>PP<\/td><\/tr><tr><td>Montserrat<\/td><td>1<\/td><td>Laura Sanjuan Campos<\/td><td>PP<\/td><td>Josep M\u00aa M\u00e1s i Garc\u00eda<\/td><td>PSPV-PSOE<\/td><\/tr><tr><td>Museros<\/td><td>1<\/td><td>Vicente P\u00e9rez i Costa<\/td><td>PSPV-PSOE<\/td><td>Beatriz S\u00e1nchez Botello<\/td><td>EU<\/td><\/tr><tr><td>Paiporta<\/td><td>3<\/td><td>Josep Val Cuevas<\/td><td>Comprom\u00eds<\/td><td>Olga Sandr\u00f3s Torregrosa<\/td><td>Comprom\u00eds<\/td><\/tr><tr><td>Paterna<\/td><td>7<\/td><td>Juan Antonio Sagredo Marco<\/td><td>PSPV-PSOE<\/td><td>Nuria Campos Morag\u00f3n<\/td><td>PSPV-PSOE<\/td><\/tr><tr><td>Picanya<\/td><td>2<\/td><td>Josep Almenar i Navarro<\/td><td>PSPV-PSOE<\/td><td>Rosario Gonz\u00e1lez i Fern\u00e1ndez<\/td><td>PSPV-PSOE<\/td><\/tr><tr><td>Picassent<\/td><td>3<\/td><td>Conxa Garc\u00eda Ferrer<\/td><td>PSPV-PSOE<\/td><td>Joan Vicent Aguado Medina<\/td><td>PSPV-PSOE<\/td><\/tr><tr><td>Pu\u00e7ol<\/td><td>2<\/td><td>Alejandro Sancho Gallego<\/td><td>PP<\/td><td>M\u00aa Elena Camarero Ben\u00edtez<\/td><td>PP<\/td><\/tr><tr><td>Quart de Poblet<\/td><td>3<\/td><td>Carmen Mart\u00ednez Ram\u00edrez<\/td><td>PSPV-PSOE<\/td><td>Juan Medina Cobo<\/td><td>PSPV-PSOE<\/td><\/tr><tr><td>Rafelbunyol<\/td><td>1<\/td><td>Alicia Piquer Sancho<\/td><td>PSPV-PSOE<\/td><td>Fernando Ciges Ib\u00e1\u00f1ez<\/td><td>PSPV-PSOE<\/td><\/tr><tr><td>Real<\/td><td>1<\/td><td>M\u00aa Dolores L\u00f3pez Garrig\u00f3s<\/td><td>PSPV-PSOE<\/td><td>Minerva Hern\u00e1ndez Gil<\/td><td>PSPV-PSOE<\/td><\/tr><tr><td>Rocafort<\/td><td>1<\/td><td>Francisco Dami\u00e1n Marco L\u00f3pez<\/td><td>PSPV-PSOE<\/td><td>Rosario Marco Cabello<\/td><td>Ciudadanos<\/td><\/tr><tr><td>San Antonio de Benag\u00e9ber<\/td><td>1<\/td><td>Enrique Daniel Santafosta Giner<\/td><td>Mixt (AISAB)<\/td><td>Enrique Jos\u00e9 Ferrer Such<\/td><td>AISAB<\/td><\/tr><tr><td>Sedav\u00ed<\/td><td>2<\/td><td>Jos\u00e9 Francisco Cabanes Alonso<\/td><td>PSPV-PSOE<\/td><td>Santiago S\u00e1nchez Lorente<\/td><td>PSPV-PSOE<\/td><\/tr><tr><td>Silla<\/td><td>2<\/td><td>Vicente Zaragoz\u00e1 Alberola<\/td><td>PSPV-PSOE<\/td><td>Iv\u00e1n Cuenca Navarro<\/td><td>PSPV-PSOE<\/td><\/tr><tr><td>Tavernes Blanques<\/td><td>1<\/td><td>Jos\u00e9 Cruz Almaz\u00e1n<\/td><td>Ciudadanos<\/td><td>Benito Villena Casado<\/td><td>PSPV-PSOE<\/td><\/tr><tr><td>Torrent<\/td><td>9<\/td><td>Inmaculada Amat Mart\u00ednez<\/td><td>PSPV-PSOE<\/td><td>Jos\u00e9 Antonio Castillejo Dur\u00e1n<\/td><td>PSPV-PSOE<\/td><\/tr><tr><td>Val\u00e8ncia<\/td><td>80<\/td><td>Elisa Val\u00eda Cotanda<\/td><td>PSPV-PSOE<\/td><td>Sergi Campillo Fern\u00e1ndez<\/td><td>Comprom\u00eds<\/td><\/tr><tr><td>Vinalesa<\/td><td>1<\/td><td>Francisco Javier Puchol Ruiz<\/td><td>PSPV-PSOE<\/td><td>Ferr\u00e1n Pardo Llopis<\/td><td>PSPV-PSOE<\/td><\/tr><tr><td>Xirivella<\/td><td>3<\/td><td>Michel Montaner Berbel<\/td><td>PSPV-PSOE<\/td><td>Vicent Sandoval i N\u00fa\u00f1ez<\/td><td>PSPV-PSOE<\/td><\/tr><\/tbody><\/table>\n            <\/div><\/div>\t\t\t\t<\/div>\n\t\t\t\t<\/div>\n\t\t\t\t\t<\/div>\n\t\t<\/div>\n\t\t\t\t\t<\/div>\n\t\t<\/section>\n\t\t\t\t<section class=\"elementor-section elementor-top-section elementor-element elementor-element-83038c7 elementor-section-boxed elementor-section-height-default elementor-section-height-default\" data-id=\"83038c7\" data-element_type=\"section\">\n\t\t\t\t\t\t<div class=\"elementor-container elementor-column-gap-default\">\n\t\t\t\t\t<div class=\"elementor-column elementor-col-100 elementor-top-column elementor-element elementor-element-e8252dd\" data-id=\"e8252dd\" data-element_type=\"column\">\n\t\t\t<div class=\"elementor-widget-wrap elementor-element-populated\">\n\t\t\t\t\t\t<div class=\"elementor-element elementor-element-aa59676 elementor-widget elementor-widget-spacer\" data-id=\"aa59676\" data-element_type=\"widget\" data-widget_type=\"spacer.default\">\n\t\t\t\t<div class=\"elementor-widget-container\">\n\t\t\t\t\t\t\t<div class=\"elementor-spacer\">\n\t\t\t<div class=\"elementor-spacer-inner\"><\/div>\n\t\t<\/div>\n\t\t\t\t\t\t<\/div>\n\t\t\t\t<\/div>\n\t\t\t\t\t<\/div>\n\t\t<\/div>\n\t\t\t\t\t<\/div>\n\t\t<\/section>\n\t\t\t\t<\/div>","protected":false},"excerpt":{"rendered":"<p>Asamblea Composici\u00f3n de la Asamblea 2019 &#8211; 2023 Municipio Votos Titular Partido Suplente Partido Alaqu\u00e0s 3 Antonio Saura Mart\u00edn PSPV-PSOE Sebasti\u00e1n Ruiz Flores PSPV-PSOE Albal 2 Ramon Mari Vila PSPV-PSOE M\u00aa Dolores Mart\u00ednez Sanch\u00eds PSPV-PSOE Albalat dels sorells 1 Pablo Espinosa Alcobendas PSPV-PSOE Consuelo Palomares Huguet PSPV-PSOE Alboraya 3 Manuel Jos\u00e9 Ma\u00f1ez Esteve PP Por [&hellip;]<\/p>","protected":false},"author":25,"featured_media":0,"parent":7070,"menu_order":0,"comment_status":"closed","ping_status":"closed","template":"","meta":{"site-sidebar-layout":"no-sidebar","site-content-layout":"page-builder","ast-site-content-layout":"default","site-content-style":"default","site-sidebar-style":"default","ast-global-header-display":"","ast-banner-title-visibility":"","ast-main-header-display":"","ast-hfb-above-header-display":"","ast-hfb-below-header-display":"","ast-hfb-mobile-header-display":"","site-post-title":"disabled","ast-breadcrumbs-content":"","ast-featured-img":"disabled","footer-sml-layout":"","ast-disable-related-posts":"","theme-transparent-header-meta":"","adv-header-id-meta":"","stick-header-meta":"","header-above-stick-meta":"","header-main-stick-meta":"","header-below-stick-meta":"","astra-migrate-meta-layouts":"default","ast-page-background-enabled":"default","ast-page-background-meta":{"desktop":{"background-color":"var(--ast-global-color-4)","background-image":"","background-repeat":"repeat","background-position":"center center","background-size":"auto","background-attachment":"scroll","background-type":"","background-media":"","overlay-type":"","overlay-color":"","overlay-opacity":"","overlay-gradient":""},"tablet":{"background-color":"","background-image":"","background-repeat":"repeat","background-position":"center center","background-size":"auto","background-attachment":"scroll","background-type":"","background-media":"","overlay-type":"","overlay-color":"","overlay-opacity":"","overlay-gradient":""},"mobile":{"background-color":"","background-image":"","background-repeat":"repeat","background-position":"center center","background-size":"auto","background-attachment":"scroll","background-type":"","background-media":"","overlay-type":"","overlay-color":"","overlay-opacity":"","overlay-gradient":""}},"ast-content-background-meta":{"desktop":{"background-color":"var(--ast-global-color-5)","background-image":"","background-repeat":"repeat","background-position":"center center","background-size":"auto","background-attachment":"scroll","background-type":"","background-media":"","overlay-type":"","overlay-color":"","overlay-opacity":"","overlay-gradient":""},"tablet":{"background-color":"var(--ast-global-color-5)","background-image":"","background-repeat":"repeat","background-position":"center center","background-size":"auto","background-attachment":"scroll","background-type":"","background-media":"","overlay-type":"","overlay-color":"","overlay-opacity":"","overlay-gradient":""},"mobile":{"background-color":"var(--ast-global-color-5)","background-image":"","background-repeat":"repeat","background-position":"center center","background-size":"auto","background-attachment":"scroll","background-type":"","background-media":"","overlay-type":"","overlay-color":"","overlay-opacity":"","overlay-gradient":""}},"footnotes":""},"coauthors":[59,58,61,63],"class_list":["post-2178","page","type-page","status-publish","hentry"],"yoast_head":"<!-- This site is optimized with the Yoast SEO plugin v26.6 - https:\/\/yoast.com\/wordpress\/plugins\/seo\/ -->\n<title>Composici\u00f3n Asamblea - EMSHI<\/title>\n<meta name=\"robots\" content=\"noindex, follow, max-snippet:-1, max-image-preview:large, max-video-preview:-1\" \/>\n<meta property=\"og:locale\" content=\"ca_ES\" \/>\n<meta property=\"og:type\" content=\"article\" \/>\n<meta property=\"og:title\" content=\"Composici\u00f3n Asamblea - EMSHI\" \/>\n<meta property=\"og:description\" content=\"Asamblea Composici\u00f3n de la Asamblea 2019 &#8211; 2023 Municipio Votos Titular Partido Suplente Partido Alaqu\u00e0s 3 Antonio Saura Mart\u00edn PSPV-PSOE Sebasti\u00e1n Ruiz Flores PSPV-PSOE Albal 2 Ramon Mari Vila PSPV-PSOE M\u00aa Dolores Mart\u00ednez Sanch\u00eds PSPV-PSOE Albalat dels sorells 1 Pablo Espinosa Alcobendas PSPV-PSOE Consuelo Palomares Huguet PSPV-PSOE Alboraya 3 Manuel Jos\u00e9 Ma\u00f1ez Esteve PP Por [&hellip;]\" \/>\n<meta property=\"og:url\" content=\"https:\/\/infallible-sinoussi.217-160-229-75.plesk.page\/ca\/quienes-somos\/organizacion\/organos-del-gobierno\/composicion-asamblea\/\" \/>\n<meta property=\"og:site_name\" content=\"EMSHI\" \/>\n<meta property=\"article:modified_time\" content=\"2023-10-17T08:11:44+00:00\" \/>\n<meta name=\"twitter:card\" content=\"summary_large_image\" \/>\n<meta name=\"twitter:label1\" content=\"Temps estimat de lectura\" \/>\n\t<meta name=\"twitter:data1\" content=\"3 minuts\" \/>\n\t<meta name=\"twitter:label2\" content=\"Written by\" \/>\n\t<meta name=\"twitter:data2\" content=\"Irene Lopez Barroso, Juana Chiner Belenguer, TechScribeOdec, Esperanza Franco\" \/>\n<script type=\"application\/ld+json\" class=\"yoast-schema-graph\">{\"@context\":\"https:\/\/schema.org\",\"@graph\":[{\"@type\":\"WebPage\",\"@id\":\"https:\/\/infallible-sinoussi.217-160-229-75.plesk.page\/quienes-somos\/organizacion\/organos-del-gobierno\/composicion-asamblea\/\",\"url\":\"https:\/\/infallible-sinoussi.217-160-229-75.plesk.page\/quienes-somos\/organizacion\/organos-del-gobierno\/composicion-asamblea\/\",\"name\":\"Composici\u00f3n Asamblea - EMSHI\",\"isPartOf\":{\"@id\":\"https:\/\/infallible-sinoussi.217-160-229-75.plesk.page\/#website\"},\"datePublished\":\"2022-08-10T11:36:49+00:00\",\"dateModified\":\"2023-10-17T08:11:44+00:00\",\"breadcrumb\":{\"@id\":\"https:\/\/infallible-sinoussi.217-160-229-75.plesk.page\/quienes-somos\/organizacion\/organos-del-gobierno\/composicion-asamblea\/#breadcrumb\"},\"inLanguage\":\"ca\",\"potentialAction\":[{\"@type\":\"ReadAction\",\"target\":[\"https:\/\/infallible-sinoussi.217-160-229-75.plesk.page\/quienes-somos\/organizacion\/organos-del-gobierno\/composicion-asamblea\/\"]}]},{\"@type\":\"BreadcrumbList\",\"@id\":\"https:\/\/infallible-sinoussi.217-160-229-75.plesk.page\/quienes-somos\/organizacion\/organos-del-gobierno\/composicion-asamblea\/#breadcrumb\",\"itemListElement\":[{\"@type\":\"ListItem\",\"position\":1,\"name\":\"Home\",\"item\":\"https:\/\/infallible-sinoussi.217-160-229-75.plesk.page\/\"},{\"@type\":\"ListItem\",\"position\":2,\"name\":\"Qui\u00e9nes Somos\",\"item\":\"https:\/\/infallible-sinoussi.217-160-229-75.plesk.page\/quienes-somos\/\"},{\"@type\":\"ListItem\",\"position\":3,\"name\":\"Organizaci\u00f3n\",\"item\":\"https:\/\/infallible-sinoussi.217-160-229-75.plesk.page\/quienes-somos\/organizacion\/\"},{\"@type\":\"ListItem\",\"position\":4,\"name\":\"\u00d3rganos del gobierno\",\"item\":\"https:\/\/infallible-sinoussi.217-160-229-75.plesk.page\/quienes-somos\/organizacion\/organos-del-gobierno\/\"},{\"@type\":\"ListItem\",\"position\":5,\"name\":\"Composici\u00f3n Asamblea\"}]},{\"@type\":\"WebSite\",\"@id\":\"https:\/\/infallible-sinoussi.217-160-229-75.plesk.page\/#website\",\"url\":\"https:\/\/infallible-sinoussi.217-160-229-75.plesk.page\/\",\"name\":\"EMSHI\",\"description\":\"\",\"publisher\":{\"@id\":\"https:\/\/infallible-sinoussi.217-160-229-75.plesk.page\/#organization\"},\"potentialAction\":[{\"@type\":\"SearchAction\",\"target\":{\"@type\":\"EntryPoint\",\"urlTemplate\":\"https:\/\/infallible-sinoussi.217-160-229-75.plesk.page\/?s={search_term_string}\"},\"query-input\":{\"@type\":\"PropertyValueSpecification\",\"valueRequired\":true,\"valueName\":\"search_term_string\"}}],\"inLanguage\":\"ca\"},{\"@type\":\"Organization\",\"@id\":\"https:\/\/infallible-sinoussi.217-160-229-75.plesk.page\/#organization\",\"name\":\"EMSHI\",\"url\":\"https:\/\/infallible-sinoussi.217-160-229-75.plesk.page\/\",\"logo\":{\"@type\":\"ImageObject\",\"inLanguage\":\"ca\",\"@id\":\"https:\/\/infallible-sinoussi.217-160-229-75.plesk.page\/#\/schema\/logo\/image\/\",\"url\":\"https:\/\/infallible-sinoussi.217-160-229-75.plesk.page\/wp-content\/uploads\/2022\/11\/cropped-EMSHI_VersionEspecial_RGB_CAS.png\",\"contentUrl\":\"https:\/\/infallible-sinoussi.217-160-229-75.plesk.page\/wp-content\/uploads\/2022\/11\/cropped-EMSHI_VersionEspecial_RGB_CAS.png\",\"width\":1966,\"height\":449,\"caption\":\"EMSHI\"},\"image\":{\"@id\":\"https:\/\/infallible-sinoussi.217-160-229-75.plesk.page\/#\/schema\/logo\/image\/\"}}]}<\/script>\n<!-- \/ Yoast SEO plugin. -->","yoast_head_json":{"title":"Composici\u00f3n Asamblea - EMSHI","robots":{"index":"noindex","follow":"follow","max-snippet":"max-snippet:-1","max-image-preview":"max-image-preview:large","max-video-preview":"max-video-preview:-1"},"og_locale":"ca_ES","og_type":"article","og_title":"Composici\u00f3n Asamblea - EMSHI","og_description":"Asamblea Composici\u00f3n de la Asamblea 2019 &#8211; 2023 Municipio Votos Titular Partido Suplente Partido Alaqu\u00e0s 3 Antonio Saura Mart\u00edn PSPV-PSOE Sebasti\u00e1n Ruiz Flores PSPV-PSOE Albal 2 Ramon Mari Vila PSPV-PSOE M\u00aa Dolores Mart\u00ednez Sanch\u00eds PSPV-PSOE Albalat dels sorells 1 Pablo Espinosa Alcobendas PSPV-PSOE Consuelo Palomares Huguet PSPV-PSOE Alboraya 3 Manuel Jos\u00e9 Ma\u00f1ez Esteve PP Por [&hellip;]","og_url":"https:\/\/infallible-sinoussi.217-160-229-75.plesk.page\/ca\/quienes-somos\/organizacion\/organos-del-gobierno\/composicion-asamblea\/","og_site_name":"EMSHI","article_modified_time":"2023-10-17T08:11:44+00:00","twitter_card":"summary_large_image","twitter_misc":{"Temps estimat de lectura":"3 minuts","Written by":"Irene Lopez Barroso, Juana Chiner Belenguer, TechScribeOdec, Esperanza Franco"},"schema":{"@context":"https:\/\/schema.org","@graph":[{"@type":"WebPage","@id":"https:\/\/infallible-sinoussi.217-160-229-75.plesk.page\/quienes-somos\/organizacion\/organos-del-gobierno\/composicion-asamblea\/","url":"https:\/\/infallible-sinoussi.217-160-229-75.plesk.page\/quienes-somos\/organizacion\/organos-del-gobierno\/composicion-asamblea\/","name":"Composici\u00f3n Asamblea - EMSHI","isPartOf":{"@id":"https:\/\/infallible-sinoussi.217-160-229-75.plesk.page\/#website"},"datePublished":"2022-08-10T11:36:49+00:00","dateModified":"2023-10-17T08:11:44+00:00","breadcrumb":{"@id":"https:\/\/infallible-sinoussi.217-160-229-75.plesk.page\/quienes-somos\/organizacion\/organos-del-gobierno\/composicion-asamblea\/#breadcrumb"},"inLanguage":"ca","potentialAction":[{"@type":"ReadAction","target":["https:\/\/infallible-sinoussi.217-160-229-75.plesk.page\/quienes-somos\/organizacion\/organos-del-gobierno\/composicion-asamblea\/"]}]},{"@type":"BreadcrumbList","@id":"https:\/\/infallible-sinoussi.217-160-229-75.plesk.page\/quienes-somos\/organizacion\/organos-del-gobierno\/composicion-asamblea\/#breadcrumb","itemListElement":[{"@type":"ListItem","position":1,"name":"Home","item":"https:\/\/infallible-sinoussi.217-160-229-75.plesk.page\/"},{"@type":"ListItem","position":2,"name":"Qui\u00e9nes Somos","item":"https:\/\/infallible-sinoussi.217-160-229-75.plesk.page\/quienes-somos\/"},{"@type":"ListItem","position":3,"name":"Organizaci\u00f3n","item":"https:\/\/infallible-sinoussi.217-160-229-75.plesk.page\/quienes-somos\/organizacion\/"},{"@type":"ListItem","position":4,"name":"\u00d3rganos del gobierno","item":"https:\/\/infallible-sinoussi.217-160-229-75.plesk.page\/quienes-somos\/organizacion\/organos-del-gobierno\/"},{"@type":"ListItem","position":5,"name":"Composici\u00f3n Asamblea"}]},{"@type":"WebSite","@id":"https:\/\/infallible-sinoussi.217-160-229-75.plesk.page\/#website","url":"https:\/\/infallible-sinoussi.217-160-229-75.plesk.page\/","name":"EMSHI","description":"","publisher":{"@id":"https:\/\/infallible-sinoussi.217-160-229-75.plesk.page\/#organization"},"potentialAction":[{"@type":"SearchAction","target":{"@type":"EntryPoint","urlTemplate":"https:\/\/infallible-sinoussi.217-160-229-75.plesk.page\/?s={search_term_string}"},"query-input":{"@type":"PropertyValueSpecification","valueRequired":true,"valueName":"search_term_string"}}],"inLanguage":"ca"},{"@type":"Organization","@id":"https:\/\/infallible-sinoussi.217-160-229-75.plesk.page\/#organization","name":"EMSHI","url":"https:\/\/infallible-sinoussi.217-160-229-75.plesk.page\/","logo":{"@type":"ImageObject","inLanguage":"ca","@id":"https:\/\/infallible-sinoussi.217-160-229-75.plesk.page\/#\/schema\/logo\/image\/","url":"https:\/\/infallible-sinoussi.217-160-229-75.plesk.page\/wp-content\/uploads\/2022\/11\/cropped-EMSHI_VersionEspecial_RGB_CAS.png","contentUrl":"https:\/\/infallible-sinoussi.217-160-229-75.plesk.page\/wp-content\/uploads\/2022\/11\/cropped-EMSHI_VersionEspecial_RGB_CAS.png","width":1966,"height":449,"caption":"EMSHI"},"image":{"@id":"https:\/\/infallible-sinoussi.217-160-229-75.plesk.page\/#\/schema\/logo\/image\/"}}]}},"_links":{"self":[{"href":"https:\/\/infallible-sinoussi.217-160-229-75.plesk.page\/ca\/wp-json\/wp\/v2\/pages\/2178","targetHints":{"allow":["GET"]}}],"collection":[{"href":"https:\/\/infallible-sinoussi.217-160-229-75.plesk.page\/ca\/wp-json\/wp\/v2\/pages"}],"about":[{"href":"https:\/\/infallible-sinoussi.217-160-229-75.plesk.page\/ca\/wp-json\/wp\/v2\/types\/page"}],"author":[{"embeddable":true,"href":"https:\/\/infallible-sinoussi.217-160-229-75.plesk.page\/ca\/wp-json\/wp\/v2\/users\/25"}],"replies":[{"embeddable":true,"href":"https:\/\/infallible-sinoussi.217-160-229-75.plesk.page\/ca\/wp-json\/wp\/v2\/comments?post=2178"}],"version-history":[{"count":40,"href":"https:\/\/infallible-sinoussi.217-160-229-75.plesk.page\/ca\/wp-json\/wp\/v2\/pages\/2178\/revisions"}],"predecessor-version":[{"id":11160,"href":"https:\/\/infallible-sinoussi.217-160-229-75.plesk.page\/ca\/wp-json\/wp\/v2\/pages\/2178\/revisions\/11160"}],"up":[{"embeddable":true,"href":"https:\/\/infallible-sinoussi.217-160-229-75.plesk.page\/ca\/wp-json\/wp\/v2\/pages\/7070"}],"wp:attachment":[{"href":"https:\/\/infallible-sinoussi.217-160-229-75.plesk.page\/ca\/wp-json\/wp\/v2\/media?parent=2178"}],"wp:term":[{"taxonomy":"author","embeddable":true,"href":"https:\/\/infallible-sinoussi.217-160-229-75.plesk.page\/ca\/wp-json\/wp\/v2\/coauthors?post=2178"}],"curies":[{"name":"wp","href":"https:\/\/api.w.org\/{rel}","templated":true}]}}