{"id":2266,"date":"2022-08-10T15:25:03","date_gmt":"2022-08-10T13:25:03","guid":{"rendered":"http:\/\/www.emshi.gob.es\/?page_id=2266"},"modified":"2023-02-09T10:50:49","modified_gmt":"2023-02-09T09:50:49","slug":"factura-electronica","status":"publish","type":"page","link":"https:\/\/infallible-sinoussi.217-160-229-75.plesk.page\/ca\/quienes-somos\/organizacion\/estructura\/areas-de-la-entidad\/intervencion\/factura-electronica\/","title":{"rendered":"Factura Electr\u00f2nica"},"content":{"rendered":"<div data-elementor-type=\"wp-page\" data-elementor-id=\"2266\" class=\"elementor elementor-2266\">\n\t\t\t\t\t\t<section class=\"elementor-section elementor-top-section elementor-element elementor-element-1287c65 elementor-section-boxed elementor-section-height-default elementor-section-height-default\" data-id=\"1287c65\" data-element_type=\"section\" data-settings=\"{&quot;background_background&quot;:&quot;classic&quot;}\">\n\t\t\t\t\t\t<div class=\"elementor-container elementor-column-gap-default\">\n\t\t\t\t\t<div class=\"elementor-column elementor-col-100 elementor-top-column elementor-element elementor-element-9c323f8\" data-id=\"9c323f8\" data-element_type=\"column\">\n\t\t\t<div class=\"elementor-widget-wrap elementor-element-populated\">\n\t\t\t\t\t\t<div class=\"elementor-element elementor-element-96a8f7f elementor-widget elementor-widget-spacer\" data-id=\"96a8f7f\" data-element_type=\"widget\" data-widget_type=\"spacer.default\">\n\t\t\t\t<div class=\"elementor-widget-container\">\n\t\t\t\t\t\t\t<div class=\"elementor-spacer\">\n\t\t\t<div class=\"elementor-spacer-inner\"><\/div>\n\t\t<\/div>\n\t\t\t\t\t\t<\/div>\n\t\t\t\t<\/div>\n\t\t\t\t<div class=\"elementor-element elementor-element-39c6ba5 elementor-widget elementor-widget-heading\" data-id=\"39c6ba5\" data-element_type=\"widget\" data-widget_type=\"heading.default\">\n\t\t\t\t<div class=\"elementor-widget-container\">\n\t\t\t\t\t<h1 class=\"elementor-heading-title elementor-size-default\">Factura electr\u00f2nica<\/h1>\t\t\t\t<\/div>\n\t\t\t\t<\/div>\n\t\t\t\t<div class=\"elementor-element elementor-element-97d7ca9 elementor-widget elementor-widget-spacer\" data-id=\"97d7ca9\" data-element_type=\"widget\" data-widget_type=\"spacer.default\">\n\t\t\t\t<div class=\"elementor-widget-container\">\n\t\t\t\t\t\t\t<div class=\"elementor-spacer\">\n\t\t\t<div class=\"elementor-spacer-inner\"><\/div>\n\t\t<\/div>\n\t\t\t\t\t\t<\/div>\n\t\t\t\t<\/div>\n\t\t\t\t\t<\/div>\n\t\t<\/div>\n\t\t\t\t\t<\/div>\n\t\t<\/section>\n\t\t\t\t<section class=\"elementor-section elementor-top-section elementor-element elementor-element-6c8c5d9 elementor-section-boxed elementor-section-height-default elementor-section-height-default\" data-id=\"6c8c5d9\" data-element_type=\"section\">\n\t\t\t\t\t\t<div class=\"elementor-container elementor-column-gap-default\">\n\t\t\t\t\t<div class=\"elementor-column elementor-col-100 elementor-top-column elementor-element elementor-element-be76701\" data-id=\"be76701\" data-element_type=\"column\">\n\t\t\t<div class=\"elementor-widget-wrap elementor-element-populated\">\n\t\t\t\t\t\t<div class=\"elementor-element elementor-element-077a736 elementor-widget elementor-widget-spacer\" data-id=\"077a736\" data-element_type=\"widget\" data-widget_type=\"spacer.default\">\n\t\t\t\t<div class=\"elementor-widget-container\">\n\t\t\t\t\t\t\t<div class=\"elementor-spacer\">\n\t\t\t<div class=\"elementor-spacer-inner\"><\/div>\n\t\t<\/div>\n\t\t\t\t\t\t<\/div>\n\t\t\t\t<\/div>\n\t\t\t\t\t<\/div>\n\t\t<\/div>\n\t\t\t\t\t<\/div>\n\t\t<\/section>\n\t\t\t\t<section class=\"elementor-section elementor-top-section elementor-element elementor-element-f924417 elementor-section-boxed elementor-section-height-default elementor-section-height-default\" data-id=\"f924417\" data-element_type=\"section\">\n\t\t\t\t\t\t<div class=\"elementor-container elementor-column-gap-default\">\n\t\t\t\t\t<div class=\"elementor-column elementor-col-100 elementor-top-column elementor-element elementor-element-a66fa78\" data-id=\"a66fa78\" data-element_type=\"column\">\n\t\t\t<div class=\"elementor-widget-wrap elementor-element-populated\">\n\t\t\t\t\t\t<div class=\"elementor-element elementor-element-614aabd elementor-widget elementor-widget-text-editor\" data-id=\"614aabd\" data-element_type=\"widget\" data-widget_type=\"text-editor.default\">\n\t\t\t\t<div class=\"elementor-widget-container\">\n\t\t\t\t\t\t\t\t\tL'Entitat Metropolitana de Serveis Hidr\u00e0ulics, mitjan\u00e7ant acord de la Junta de Govern de 16 de desembre de 2014, es va adherir a la plataforma electr\u00f2nica \u201cFACe-Punt General de\u00a0 Entrada de Factures Electr\u00f2niques\u201d del MHAP.\t\t\t\t\t\t\t\t<\/div>\n\t\t\t\t<\/div>\n\t\t\t\t<div class=\"elementor-element elementor-element-aa18fa6 elementor-widget elementor-widget-text-editor\" data-id=\"aa18fa6\" data-element_type=\"widget\" data-widget_type=\"text-editor.default\">\n\t\t\t\t<div class=\"elementor-widget-container\">\n\t\t\t\t\t\t\t\t\tFinalitzat el proc\u00e9s d'adhesi\u00f3, i afectes de donar compliment al requisit de publicitat recollit en la Disposici\u00f3\naddicional 6a de la Llei 25\/2013, de 27 de desembre, d'impuls de la factura electr\u00f2nica i creaci\u00f3 del registre\ncomptable de les factures en el Sector P\u00fablic, i l'article 8 de l'Ordre HAP\/1074\/2014, de 24 de juny. Aix\u00ed com, donar\nla publicitat m\u00e9s gran i difusi\u00f3 entre els diferents prove\u00efdors de l'Entitat Metropolitana de Serveis Hidr\u00e0ulics que\nvinguin obligats a partir del 15 de gener a la presentaci\u00f3 de factures electr\u00f2niques.\n\t\t\t\t\t\t\t\t<\/div>\n\t\t\t\t<\/div>\n\t\t\t\t<div class=\"elementor-element elementor-element-5508a6f elementor-widget elementor-widget-text-editor\" data-id=\"5508a6f\" data-element_type=\"widget\" data-widget_type=\"text-editor.default\">\n\t\t\t\t<div class=\"elementor-widget-container\">\n\t\t\t\t\t\t\t\t\tA trav\u00e9s del present, es dona publicitat de:\t\t\t\t\t\t\t\t<\/div>\n\t\t\t\t<\/div>\n\t\t\t\t<div class=\"elementor-element elementor-element-4d5741f elementor-widget elementor-widget-text-editor\" data-id=\"4d5741f\" data-element_type=\"widget\" data-widget_type=\"text-editor.default\">\n\t\t\t\t<div class=\"elementor-widget-container\">\n\t\t\t\t\t\t\t\t\t<ol>\n \t<li style=\"list-style-type: none;\">\n<ol>\n \t<li>\u00a0A partir de la data, el punt de registre \u00fanic de les factures electr\u00f2niques dirigides a l'Entitat\nMetropolitana de Serveis Hidr\u00e0ulics, ser\u00e0 l'habilitat en la plataforma electr\u00f2nica \u201cFACe-Punt General d'Entrada\nde Factures Electr\u00f2niques\u201d del MHAP, <a href=\"https:\/\/face.gob.es\/#\/e\" target=\"_blank\" rel=\"noopener\">https:\/\/face.gob.es\/#\/e<\/a>.\n<br><br>\n<\/li>\n \t<li>Els codis DIR 3 de l'Entitat Metropolitana de Serveis Hidr\u00e0ulics, aix\u00ed com els corresponents a la \u201coficina comptable\u201d, \u201c\u00f2rgan gestor\u201d i \u201cunitat tramitadora\u201d s\u00f3n codis \u00fanics DIR 3, amb el seg\u00fcent detall:\n<ul>\n \t<li><b>Codi DIR3:<\/b> L07460003 Entitat Metropolitana de Serveis Hidr\u00e0ulics.<\/li>\n \t<li><b>Oficina comptable:<\/b> L07460003 EMSHI.<\/li>\n \t<li><b>\u00d2rgan gestor:<\/b> L07460003 EMSHI.<\/li>\n \t<li><b>Unitat tramitadora:<\/b> L07460003 EMSHI.<\/li>\n \t<\/ul>\n<\/li>\n<br>\n \t<li>De conformitat amb el regulat en l'article 4 de la Llei 25\/2013, de 27 de desembre, l'Entitat Metropolitana de\nServeis Hidr\u00e0ulics, ha acordat excloure de l'obligaci\u00f3 de la facturaci\u00f3 electr\u00f2nica a les factures l'import\nde les quals siga de fins a 5.000 euros, imposats no inclosos, tot aix\u00f2 sense perjudici de la regulaci\u00f3 reglament\u00e0ria\ncomplement\u00e0ria que es puga tramitar sobre aquest tema.<\/li>\n<\/ol>\n<\/li>\n<\/ol>\t\t\t\t\t\t\t\t<\/div>\n\t\t\t\t<\/div>\n\t\t\t\t\t<\/div>\n\t\t<\/div>\n\t\t\t\t\t<\/div>\n\t\t<\/section>\n\t\t\t\t<section class=\"elementor-section elementor-top-section elementor-element elementor-element-0932d0c elementor-section-boxed elementor-section-height-default elementor-section-height-default\" data-id=\"0932d0c\" data-element_type=\"section\">\n\t\t\t\t\t\t<div class=\"elementor-container elementor-column-gap-default\">\n\t\t\t\t\t<div class=\"elementor-column elementor-col-100 elementor-top-column elementor-element elementor-element-b759670\" data-id=\"b759670\" data-element_type=\"column\">\n\t\t\t<div class=\"elementor-widget-wrap elementor-element-populated\">\n\t\t\t\t\t\t<div class=\"elementor-element elementor-element-9e4bd03 elementor-widget elementor-widget-icon-box\" data-id=\"9e4bd03\" data-element_type=\"widget\" data-widget_type=\"icon-box.default\">\n\t\t\t\t<div class=\"elementor-widget-container\">\n\t\t\t\t\t\t\t<div class=\"elementor-icon-box-wrapper\">\n\n\t\t\t\n\t\t\t\t\t\t<div class=\"elementor-icon-box-content\">\n\n\t\t\t\t\t\t\t\t\t<h3 class=\"elementor-icon-box-title\">\n\t\t\t\t\t\t<a href=\"https:\/\/infallible-sinoussi.217-160-229-75.plesk.page\/ca\/organizacion\/\" >\n\t\t\t\t\t\t\tDades de contacte\t\t\t\t\t\t<\/a>\n\t\t\t\t\t<\/h3>\n\t\t\t\t\n\t\t\t\t\t\t\t\t\t<p class=\"elementor-icon-box-description\">\n\t\t\t\t\t\tDavant qualsevol dubte, dirigir-se al departament d'Intervenci\u00f3 de l'Entitat Metropolitana de Serveis Hidr\u00e0ulics, tel\u00e8fon <a href=\"tel:963534390\">963534390<\/a> Ext 2n o correu espec\u00edfic per a dubtes relacionats amb la factures electr\u00f2niques; <a href=\"mailto:face@emshi.gob.es\">face@emshi.gob.es<\/a>.\t\t\t\t\t<\/p>\n\t\t\t\t\n\t\t\t<\/div>\n\t\t\t\n\t\t<\/div>\n\t\t\t\t\t\t<\/div>\n\t\t\t\t<\/div>\n\t\t\t\t\t<\/div>\n\t\t<\/div>\n\t\t\t\t\t<\/div>\n\t\t<\/section>\n\t\t\t\t<section class=\"elementor-section elementor-top-section elementor-element elementor-element-82dc748 elementor-section-boxed elementor-section-height-default elementor-section-height-default\" data-id=\"82dc748\" data-element_type=\"section\">\n\t\t\t\t\t\t<div class=\"elementor-container elementor-column-gap-default\">\n\t\t\t\t\t<div class=\"elementor-column elementor-col-100 elementor-top-column elementor-element elementor-element-41909a9\" data-id=\"41909a9\" data-element_type=\"column\">\n\t\t\t<div class=\"elementor-widget-wrap elementor-element-populated\">\n\t\t\t\t\t\t<div class=\"elementor-element elementor-element-72f8edc elementor-widget elementor-widget-spacer\" data-id=\"72f8edc\" data-element_type=\"widget\" data-widget_type=\"spacer.default\">\n\t\t\t\t<div class=\"elementor-widget-container\">\n\t\t\t\t\t\t\t<div class=\"elementor-spacer\">\n\t\t\t<div class=\"elementor-spacer-inner\"><\/div>\n\t\t<\/div>\n\t\t\t\t\t\t<\/div>\n\t\t\t\t<\/div>\n\t\t\t\t\t<\/div>\n\t\t<\/div>\n\t\t\t\t\t<\/div>\n\t\t<\/section>\n\t\t\t\t<\/div>","protected":false},"excerpt":{"rendered":"<p>Factura electr\u00f3nica La Entidad Metropolitana de Servicios Hidr\u00e1ulicos, mediante acuerdo de la Junta de Gobierno de 16 de diciembre de 2014, se adhiri\u00f3 a la plataforma electr\u00f3nica \u201cFACe-Punto General de\u00a0 Entrada de Facturas Electr\u00f3nicas\u201d del MHAP.Finalizado el proceso de adhesi\u00f3n, y afectos de dar cumplimiento al requisito de publicidad recogido en la Disposici\u00f3n adicional 6\u00aa [&hellip;]<\/p>","protected":false},"author":28,"featured_media":0,"parent":1488,"menu_order":0,"comment_status":"closed","ping_status":"closed","template":"","meta":{"site-sidebar-layout":"no-sidebar","site-content-layout":"page-builder","ast-site-content-layout":"default","site-content-style":"default","site-sidebar-style":"default","ast-global-header-display":"","ast-banner-title-visibility":"","ast-main-header-display":"","ast-hfb-above-header-display":"","ast-hfb-below-header-display":"","ast-hfb-mobile-header-display":"","site-post-title":"disabled","ast-breadcrumbs-content":"","ast-featured-img":"disabled","footer-sml-layout":"","ast-disable-related-posts":"","theme-transparent-header-meta":"","adv-header-id-meta":"","stick-header-meta":"","header-above-stick-meta":"","header-main-stick-meta":"","header-below-stick-meta":"","astra-migrate-meta-layouts":"default","ast-page-background-enabled":"default","ast-page-background-meta":{"desktop":{"background-color":"var(--ast-global-color-4)","background-image":"","background-repeat":"repeat","background-position":"center center","background-size":"auto","background-attachment":"scroll","background-type":"","background-media":"","overlay-type":"","overlay-color":"","overlay-opacity":"","overlay-gradient":""},"tablet":{"background-color":"","background-image":"","background-repeat":"repeat","background-position":"center center","background-size":"auto","background-attachment":"scroll","background-type":"","background-media":"","overlay-type":"","overlay-color":"","overlay-opacity":"","overlay-gradient":""},"mobile":{"background-color":"","background-image":"","background-repeat":"repeat","background-position":"center center","background-size":"auto","background-attachment":"scroll","background-type":"","background-media":"","overlay-type":"","overlay-color":"","overlay-opacity":"","overlay-gradient":""}},"ast-content-background-meta":{"desktop":{"background-color":"var(--ast-global-color-5)","background-image":"","background-repeat":"repeat","background-position":"center center","background-size":"auto","background-attachment":"scroll","background-type":"","background-media":"","overlay-type":"","overlay-color":"","overlay-opacity":"","overlay-gradient":""},"tablet":{"background-color":"var(--ast-global-color-5)","background-image":"","background-repeat":"repeat","background-position":"center center","background-size":"auto","background-attachment":"scroll","background-type":"","background-media":"","overlay-type":"","overlay-color":"","overlay-opacity":"","overlay-gradient":""},"mobile":{"background-color":"var(--ast-global-color-5)","background-image":"","background-repeat":"repeat","background-position":"center center","background-size":"auto","background-attachment":"scroll","background-type":"","background-media":"","overlay-type":"","overlay-color":"","overlay-opacity":"","overlay-gradient":""}},"footnotes":""},"coauthors":[61],"class_list":["post-2266","page","type-page","status-publish","hentry"],"yoast_head":"<!-- This site is optimized with the Yoast SEO plugin v26.6 - https:\/\/yoast.com\/wordpress\/plugins\/seo\/ -->\n<title>Factura Electr\u00f3nica - EMSHI<\/title>\n<meta name=\"robots\" content=\"noindex, follow, max-snippet:-1, max-image-preview:large, max-video-preview:-1\" \/>\n<meta property=\"og:locale\" content=\"ca_ES\" \/>\n<meta property=\"og:type\" content=\"article\" \/>\n<meta property=\"og:title\" content=\"Factura Electr\u00f3nica - EMSHI\" \/>\n<meta property=\"og:description\" content=\"Factura electr\u00f3nica La Entidad Metropolitana de Servicios Hidr\u00e1ulicos, mediante acuerdo de la Junta de Gobierno de 16 de diciembre de 2014, se adhiri\u00f3 a la plataforma electr\u00f3nica \u201cFACe-Punto General de\u00a0 Entrada de Facturas Electr\u00f3nicas\u201d del MHAP.Finalizado el proceso de adhesi\u00f3n, y afectos de dar cumplimiento al requisito de publicidad recogido en la Disposici\u00f3n adicional 6\u00aa [&hellip;]\" \/>\n<meta property=\"og:url\" content=\"https:\/\/infallible-sinoussi.217-160-229-75.plesk.page\/ca\/quienes-somos\/organizacion\/estructura\/areas-de-la-entidad\/intervencion\/factura-electronica\/\" \/>\n<meta property=\"og:site_name\" content=\"EMSHI\" \/>\n<meta property=\"article:modified_time\" content=\"2023-02-09T09:50:49+00:00\" \/>\n<meta name=\"twitter:card\" content=\"summary_large_image\" \/>\n<meta name=\"twitter:label1\" content=\"Temps estimat de lectura\" \/>\n\t<meta name=\"twitter:data1\" content=\"2 minuts\" \/>\n\t<meta name=\"twitter:label2\" content=\"Written by\" \/>\n\t<meta name=\"twitter:data2\" content=\"TechScribeOdec\" \/>\n<script type=\"application\/ld+json\" class=\"yoast-schema-graph\">{\"@context\":\"https:\/\/schema.org\",\"@graph\":[{\"@type\":\"WebPage\",\"@id\":\"https:\/\/infallible-sinoussi.217-160-229-75.plesk.page\/quienes-somos\/organizacion\/estructura\/areas-de-la-entidad\/intervencion\/factura-electronica\/\",\"url\":\"https:\/\/infallible-sinoussi.217-160-229-75.plesk.page\/quienes-somos\/organizacion\/estructura\/areas-de-la-entidad\/intervencion\/factura-electronica\/\",\"name\":\"Factura Electr\u00f3nica - EMSHI\",\"isPartOf\":{\"@id\":\"https:\/\/infallible-sinoussi.217-160-229-75.plesk.page\/#website\"},\"datePublished\":\"2022-08-10T13:25:03+00:00\",\"dateModified\":\"2023-02-09T09:50:49+00:00\",\"breadcrumb\":{\"@id\":\"https:\/\/infallible-sinoussi.217-160-229-75.plesk.page\/quienes-somos\/organizacion\/estructura\/areas-de-la-entidad\/intervencion\/factura-electronica\/#breadcrumb\"},\"inLanguage\":\"ca\",\"potentialAction\":[{\"@type\":\"ReadAction\",\"target\":[\"https:\/\/infallible-sinoussi.217-160-229-75.plesk.page\/quienes-somos\/organizacion\/estructura\/areas-de-la-entidad\/intervencion\/factura-electronica\/\"]}]},{\"@type\":\"BreadcrumbList\",\"@id\":\"https:\/\/infallible-sinoussi.217-160-229-75.plesk.page\/quienes-somos\/organizacion\/estructura\/areas-de-la-entidad\/intervencion\/factura-electronica\/#breadcrumb\",\"itemListElement\":[{\"@type\":\"ListItem\",\"position\":1,\"name\":\"Home\",\"item\":\"https:\/\/infallible-sinoussi.217-160-229-75.plesk.page\/\"},{\"@type\":\"ListItem\",\"position\":2,\"name\":\"Qui\u00e9nes Somos\",\"item\":\"https:\/\/infallible-sinoussi.217-160-229-75.plesk.page\/quienes-somos\/\"},{\"@type\":\"ListItem\",\"position\":3,\"name\":\"Organizaci\u00f3n\",\"item\":\"https:\/\/infallible-sinoussi.217-160-229-75.plesk.page\/quienes-somos\/organizacion\/\"},{\"@type\":\"ListItem\",\"position\":4,\"name\":\"Estructura\",\"item\":\"https:\/\/infallible-sinoussi.217-160-229-75.plesk.page\/quienes-somos\/organizacion\/estructura\/\"},{\"@type\":\"ListItem\",\"position\":5,\"name\":\"\u00c1reas de la entidad\",\"item\":\"https:\/\/infallible-sinoussi.217-160-229-75.plesk.page\/quienes-somos\/organizacion\/estructura\/areas-de-la-entidad\/\"},{\"@type\":\"ListItem\",\"position\":6,\"name\":\"Intervenci\u00f3n\",\"item\":\"https:\/\/infallible-sinoussi.217-160-229-75.plesk.page\/quienes-somos\/organizacion\/estructura\/areas-de-la-entidad\/intervencion\/\"},{\"@type\":\"ListItem\",\"position\":7,\"name\":\"Factura Electr\u00f3nica\"}]},{\"@type\":\"WebSite\",\"@id\":\"https:\/\/infallible-sinoussi.217-160-229-75.plesk.page\/#website\",\"url\":\"https:\/\/infallible-sinoussi.217-160-229-75.plesk.page\/\",\"name\":\"EMSHI\",\"description\":\"\",\"publisher\":{\"@id\":\"https:\/\/infallible-sinoussi.217-160-229-75.plesk.page\/#organization\"},\"potentialAction\":[{\"@type\":\"SearchAction\",\"target\":{\"@type\":\"EntryPoint\",\"urlTemplate\":\"https:\/\/infallible-sinoussi.217-160-229-75.plesk.page\/?s={search_term_string}\"},\"query-input\":{\"@type\":\"PropertyValueSpecification\",\"valueRequired\":true,\"valueName\":\"search_term_string\"}}],\"inLanguage\":\"ca\"},{\"@type\":\"Organization\",\"@id\":\"https:\/\/infallible-sinoussi.217-160-229-75.plesk.page\/#organization\",\"name\":\"EMSHI\",\"url\":\"https:\/\/infallible-sinoussi.217-160-229-75.plesk.page\/\",\"logo\":{\"@type\":\"ImageObject\",\"inLanguage\":\"ca\",\"@id\":\"https:\/\/infallible-sinoussi.217-160-229-75.plesk.page\/#\/schema\/logo\/image\/\",\"url\":\"https:\/\/infallible-sinoussi.217-160-229-75.plesk.page\/wp-content\/uploads\/2022\/11\/cropped-EMSHI_VersionEspecial_RGB_CAS.png\",\"contentUrl\":\"https:\/\/infallible-sinoussi.217-160-229-75.plesk.page\/wp-content\/uploads\/2022\/11\/cropped-EMSHI_VersionEspecial_RGB_CAS.png\",\"width\":1966,\"height\":449,\"caption\":\"EMSHI\"},\"image\":{\"@id\":\"https:\/\/infallible-sinoussi.217-160-229-75.plesk.page\/#\/schema\/logo\/image\/\"}}]}<\/script>\n<!-- \/ Yoast SEO plugin. -->","yoast_head_json":{"title":"Factura Electr\u00f3nica - EMSHI","robots":{"index":"noindex","follow":"follow","max-snippet":"max-snippet:-1","max-image-preview":"max-image-preview:large","max-video-preview":"max-video-preview:-1"},"og_locale":"ca_ES","og_type":"article","og_title":"Factura Electr\u00f3nica - EMSHI","og_description":"Factura electr\u00f3nica La Entidad Metropolitana de Servicios Hidr\u00e1ulicos, mediante acuerdo de la Junta de Gobierno de 16 de diciembre de 2014, se adhiri\u00f3 a la plataforma electr\u00f3nica \u201cFACe-Punto General de\u00a0 Entrada de Facturas Electr\u00f3nicas\u201d del MHAP.Finalizado el proceso de adhesi\u00f3n, y afectos de dar cumplimiento al requisito de publicidad recogido en la Disposici\u00f3n adicional 6\u00aa [&hellip;]","og_url":"https:\/\/infallible-sinoussi.217-160-229-75.plesk.page\/ca\/quienes-somos\/organizacion\/estructura\/areas-de-la-entidad\/intervencion\/factura-electronica\/","og_site_name":"EMSHI","article_modified_time":"2023-02-09T09:50:49+00:00","twitter_card":"summary_large_image","twitter_misc":{"Temps estimat de lectura":"2 minuts","Written by":"TechScribeOdec"},"schema":{"@context":"https:\/\/schema.org","@graph":[{"@type":"WebPage","@id":"https:\/\/infallible-sinoussi.217-160-229-75.plesk.page\/quienes-somos\/organizacion\/estructura\/areas-de-la-entidad\/intervencion\/factura-electronica\/","url":"https:\/\/infallible-sinoussi.217-160-229-75.plesk.page\/quienes-somos\/organizacion\/estructura\/areas-de-la-entidad\/intervencion\/factura-electronica\/","name":"Factura Electr\u00f3nica - EMSHI","isPartOf":{"@id":"https:\/\/infallible-sinoussi.217-160-229-75.plesk.page\/#website"},"datePublished":"2022-08-10T13:25:03+00:00","dateModified":"2023-02-09T09:50:49+00:00","breadcrumb":{"@id":"https:\/\/infallible-sinoussi.217-160-229-75.plesk.page\/quienes-somos\/organizacion\/estructura\/areas-de-la-entidad\/intervencion\/factura-electronica\/#breadcrumb"},"inLanguage":"ca","potentialAction":[{"@type":"ReadAction","target":["https:\/\/infallible-sinoussi.217-160-229-75.plesk.page\/quienes-somos\/organizacion\/estructura\/areas-de-la-entidad\/intervencion\/factura-electronica\/"]}]},{"@type":"BreadcrumbList","@id":"https:\/\/infallible-sinoussi.217-160-229-75.plesk.page\/quienes-somos\/organizacion\/estructura\/areas-de-la-entidad\/intervencion\/factura-electronica\/#breadcrumb","itemListElement":[{"@type":"ListItem","position":1,"name":"Home","item":"https:\/\/infallible-sinoussi.217-160-229-75.plesk.page\/"},{"@type":"ListItem","position":2,"name":"Qui\u00e9nes Somos","item":"https:\/\/infallible-sinoussi.217-160-229-75.plesk.page\/quienes-somos\/"},{"@type":"ListItem","position":3,"name":"Organizaci\u00f3n","item":"https:\/\/infallible-sinoussi.217-160-229-75.plesk.page\/quienes-somos\/organizacion\/"},{"@type":"ListItem","position":4,"name":"Estructura","item":"https:\/\/infallible-sinoussi.217-160-229-75.plesk.page\/quienes-somos\/organizacion\/estructura\/"},{"@type":"ListItem","position":5,"name":"\u00c1reas de la entidad","item":"https:\/\/infallible-sinoussi.217-160-229-75.plesk.page\/quienes-somos\/organizacion\/estructura\/areas-de-la-entidad\/"},{"@type":"ListItem","position":6,"name":"Intervenci\u00f3n","item":"https:\/\/infallible-sinoussi.217-160-229-75.plesk.page\/quienes-somos\/organizacion\/estructura\/areas-de-la-entidad\/intervencion\/"},{"@type":"ListItem","position":7,"name":"Factura Electr\u00f3nica"}]},{"@type":"WebSite","@id":"https:\/\/infallible-sinoussi.217-160-229-75.plesk.page\/#website","url":"https:\/\/infallible-sinoussi.217-160-229-75.plesk.page\/","name":"EMSHI","description":"","publisher":{"@id":"https:\/\/infallible-sinoussi.217-160-229-75.plesk.page\/#organization"},"potentialAction":[{"@type":"SearchAction","target":{"@type":"EntryPoint","urlTemplate":"https:\/\/infallible-sinoussi.217-160-229-75.plesk.page\/?s={search_term_string}"},"query-input":{"@type":"PropertyValueSpecification","valueRequired":true,"valueName":"search_term_string"}}],"inLanguage":"ca"},{"@type":"Organization","@id":"https:\/\/infallible-sinoussi.217-160-229-75.plesk.page\/#organization","name":"EMSHI","url":"https:\/\/infallible-sinoussi.217-160-229-75.plesk.page\/","logo":{"@type":"ImageObject","inLanguage":"ca","@id":"https:\/\/infallible-sinoussi.217-160-229-75.plesk.page\/#\/schema\/logo\/image\/","url":"https:\/\/infallible-sinoussi.217-160-229-75.plesk.page\/wp-content\/uploads\/2022\/11\/cropped-EMSHI_VersionEspecial_RGB_CAS.png","contentUrl":"https:\/\/infallible-sinoussi.217-160-229-75.plesk.page\/wp-content\/uploads\/2022\/11\/cropped-EMSHI_VersionEspecial_RGB_CAS.png","width":1966,"height":449,"caption":"EMSHI"},"image":{"@id":"https:\/\/infallible-sinoussi.217-160-229-75.plesk.page\/#\/schema\/logo\/image\/"}}]}},"_links":{"self":[{"href":"https:\/\/infallible-sinoussi.217-160-229-75.plesk.page\/ca\/wp-json\/wp\/v2\/pages\/2266","targetHints":{"allow":["GET"]}}],"collection":[{"href":"https:\/\/infallible-sinoussi.217-160-229-75.plesk.page\/ca\/wp-json\/wp\/v2\/pages"}],"about":[{"href":"https:\/\/infallible-sinoussi.217-160-229-75.plesk.page\/ca\/wp-json\/wp\/v2\/types\/page"}],"author":[{"embeddable":true,"href":"https:\/\/infallible-sinoussi.217-160-229-75.plesk.page\/ca\/wp-json\/wp\/v2\/users\/28"}],"replies":[{"embeddable":true,"href":"https:\/\/infallible-sinoussi.217-160-229-75.plesk.page\/ca\/wp-json\/wp\/v2\/comments?post=2266"}],"version-history":[{"count":19,"href":"https:\/\/infallible-sinoussi.217-160-229-75.plesk.page\/ca\/wp-json\/wp\/v2\/pages\/2266\/revisions"}],"predecessor-version":[{"id":10528,"href":"https:\/\/infallible-sinoussi.217-160-229-75.plesk.page\/ca\/wp-json\/wp\/v2\/pages\/2266\/revisions\/10528"}],"up":[{"embeddable":true,"href":"https:\/\/infallible-sinoussi.217-160-229-75.plesk.page\/ca\/wp-json\/wp\/v2\/pages\/1488"}],"wp:attachment":[{"href":"https:\/\/infallible-sinoussi.217-160-229-75.plesk.page\/ca\/wp-json\/wp\/v2\/media?parent=2266"}],"wp:term":[{"taxonomy":"author","embeddable":true,"href":"https:\/\/infallible-sinoussi.217-160-229-75.plesk.page\/ca\/wp-json\/wp\/v2\/coauthors?post=2266"}],"curies":[{"name":"wp","href":"https:\/\/api.w.org\/{rel}","templated":true}]}}