{"id":7007,"date":"2022-12-19T12:14:32","date_gmt":"2022-12-19T11:14:32","guid":{"rendered":"https:\/\/infallible-sinoussi.217-160-229-75.plesk.page\/?page_id=7007"},"modified":"2023-10-17T10:08:05","modified_gmt":"2023-10-17T08:08:05","slug":"quienes-somos","status":"publish","type":"page","link":"https:\/\/infallible-sinoussi.217-160-229-75.plesk.page\/ca\/quienes-somos\/","title":{"rendered":"Qui Som"},"content":{"rendered":"<div data-elementor-type=\"wp-page\" data-elementor-id=\"7007\" class=\"elementor elementor-7007\">\n\t\t\t\t\t\t<section class=\"elementor-section elementor-top-section elementor-element elementor-element-30beae5 elementor-section-boxed elementor-section-height-default elementor-section-height-default\" data-id=\"30beae5\" data-element_type=\"section\" data-settings=\"{&quot;background_background&quot;:&quot;classic&quot;}\">\n\t\t\t\t\t\t<div class=\"elementor-container elementor-column-gap-default\">\n\t\t\t\t\t<div class=\"elementor-column elementor-col-100 elementor-top-column elementor-element elementor-element-d8901ed\" data-id=\"d8901ed\" data-element_type=\"column\">\n\t\t\t<div class=\"elementor-widget-wrap elementor-element-populated\">\n\t\t\t\t\t\t<div class=\"elementor-element elementor-element-d5c5867 elementor-widget elementor-widget-spacer\" data-id=\"d5c5867\" data-element_type=\"widget\" data-widget_type=\"spacer.default\">\n\t\t\t\t<div class=\"elementor-widget-container\">\n\t\t\t\t\t\t\t<div class=\"elementor-spacer\">\n\t\t\t<div class=\"elementor-spacer-inner\"><\/div>\n\t\t<\/div>\n\t\t\t\t\t\t<\/div>\n\t\t\t\t<\/div>\n\t\t\t\t<div class=\"elementor-element elementor-element-4ad194c elementor-widget elementor-widget-heading\" data-id=\"4ad194c\" data-element_type=\"widget\" data-widget_type=\"heading.default\">\n\t\t\t\t<div class=\"elementor-widget-container\">\n\t\t\t\t\t<h1 class=\"elementor-heading-title elementor-size-default\">Qui som<\/h1>\t\t\t\t<\/div>\n\t\t\t\t<\/div>\n\t\t\t\t<div class=\"elementor-element elementor-element-265f714 elementor-widget elementor-widget-spacer\" data-id=\"265f714\" data-element_type=\"widget\" data-widget_type=\"spacer.default\">\n\t\t\t\t<div class=\"elementor-widget-container\">\n\t\t\t\t\t\t\t<div class=\"elementor-spacer\">\n\t\t\t<div class=\"elementor-spacer-inner\"><\/div>\n\t\t<\/div>\n\t\t\t\t\t\t<\/div>\n\t\t\t\t<\/div>\n\t\t\t\t\t<\/div>\n\t\t<\/div>\n\t\t\t\t\t<\/div>\n\t\t<\/section>\n\t\t\t\t<section class=\"elementor-section elementor-top-section elementor-element elementor-element-4fc67ca elementor-section-boxed elementor-section-height-default elementor-section-height-default\" data-id=\"4fc67ca\" data-element_type=\"section\">\n\t\t\t\t\t\t<div class=\"elementor-container elementor-column-gap-default\">\n\t\t\t\t\t<div class=\"elementor-column elementor-col-100 elementor-top-column elementor-element elementor-element-81581fe\" data-id=\"81581fe\" data-element_type=\"column\">\n\t\t\t<div class=\"elementor-widget-wrap elementor-element-populated\">\n\t\t\t\t\t\t<div class=\"elementor-element elementor-element-93dc624 elementor-widget elementor-widget-spacer\" data-id=\"93dc624\" data-element_type=\"widget\" data-widget_type=\"spacer.default\">\n\t\t\t\t<div class=\"elementor-widget-container\">\n\t\t\t\t\t\t\t<div class=\"elementor-spacer\">\n\t\t\t<div class=\"elementor-spacer-inner\"><\/div>\n\t\t<\/div>\n\t\t\t\t\t\t<\/div>\n\t\t\t\t<\/div>\n\t\t\t\t\t<\/div>\n\t\t<\/div>\n\t\t\t\t\t<\/div>\n\t\t<\/section>\n\t\t\t\t<section class=\"elementor-section elementor-top-section elementor-element elementor-element-803a1b8 elementor-section-boxed elementor-section-height-default elementor-section-height-default\" data-id=\"803a1b8\" data-element_type=\"section\">\n\t\t\t\t\t\t<div class=\"elementor-container elementor-column-gap-default\">\n\t\t\t\t\t<div class=\"elementor-column elementor-col-100 elementor-top-column elementor-element elementor-element-ac33cee\" data-id=\"ac33cee\" data-element_type=\"column\">\n\t\t\t<div class=\"elementor-widget-wrap elementor-element-populated\">\n\t\t\t\t\t\t<div class=\"elementor-element elementor-element-249a1be elementor-widget elementor-widget-text-editor\" data-id=\"249a1be\" data-element_type=\"widget\" data-widget_type=\"text-editor.default\">\n\t\t\t\t<div class=\"elementor-widget-container\">\n\t\t\t\t\t\t\t\t\tL'Entitat Metropolitana de Serveis Hidr\u00e0ulics (EMSHI) naix en 2001 amb l'aprovaci\u00f3 de la Llei 2\/2001, d'11 de maig, de Creaci\u00f3 i Gesti\u00f3 d'\u00c0rees Metropolitanes a la Comunitat Valenciana. En virtut d'aquesta Llei, passa a assumir la compet\u00e8ncia del servei d'aigua en alta en tota l'\u00e0rea metropolitana de Val\u00e8ncia, aix\u00ed com facultats en mat\u00e8ria de sanejament en alguns dels seus municipis. L'entitat hereta amb aix\u00f2 l'activitat de prove\u00efment i sanejament que fins a aquest moment desenvolupava el Consell Metropolit\u00e0 de l'Horta.\t\t\t\t\t\t\t\t<\/div>\n\t\t\t\t<\/div>\n\t\t\t\t<div class=\"elementor-element elementor-element-52accb2 elementor-widget elementor-widget-text-editor\" data-id=\"52accb2\" data-element_type=\"widget\" data-widget_type=\"text-editor.default\">\n\t\t\t\t<div class=\"elementor-widget-container\">\n\t\t\t\t\t\t\t\t\tDes de 2020, per modificaci\u00f3 legislativa, l'EMSHI cessa la seua compet\u00e8ncia en mat\u00e8ria de sanejament i centra tota la seua activitat en el servei d'aigua en alta.\t\t\t\t\t\t\t\t<\/div>\n\t\t\t\t<\/div>\n\t\t\t\t<div class=\"elementor-element elementor-element-f3cd6f3 elementor-widget elementor-widget-text-editor\" data-id=\"f3cd6f3\" data-element_type=\"widget\" data-widget_type=\"text-editor.default\">\n\t\t\t\t<div class=\"elementor-widget-container\">\n\t\t\t\t\t\t\t\t\tL'EMSHI \u00e9s una administraci\u00f3 p\u00fablica i desenvolupa la seua compet\u00e8ncia en l'\u00e0rea metropolitana de Val\u00e8ncia, conformada per 48 municipis, tots ells representats en l'Assemblea de l'EMSHI.\t\t\t\t\t\t\t\t<\/div>\n\t\t\t\t<\/div>\n\t\t\t\t\t<\/div>\n\t\t<\/div>\n\t\t\t\t\t<\/div>\n\t\t<\/section>\n\t\t\t\t<section class=\"elementor-section elementor-top-section elementor-element elementor-element-4b53c5d elementor-section-boxed elementor-section-height-default elementor-section-height-default\" data-id=\"4b53c5d\" data-element_type=\"section\">\n\t\t\t\t\t\t<div class=\"elementor-container elementor-column-gap-default\">\n\t\t\t\t\t<div class=\"elementor-column elementor-col-100 elementor-top-column elementor-element elementor-element-0364dd0\" data-id=\"0364dd0\" data-element_type=\"column\">\n\t\t\t<div class=\"elementor-widget-wrap elementor-element-populated\">\n\t\t\t\t\t\t<section class=\"elementor-section elementor-inner-section elementor-element elementor-element-8e75d38 elementor-section-boxed elementor-section-height-default elementor-section-height-default\" data-id=\"8e75d38\" data-element_type=\"section\">\n\t\t\t\t\t\t<div class=\"elementor-container elementor-column-gap-default\">\n\t\t\t\t\t<div class=\"elementor-column elementor-col-50 elementor-inner-column elementor-element elementor-element-cbb4048\" data-id=\"cbb4048\" data-element_type=\"column\">\n\t\t\t<div class=\"elementor-widget-wrap elementor-element-populated\">\n\t\t\t\t\t\t<div class=\"elementor-element elementor-element-6fdd225 elementor-view-framed elementor-position-block-start elementor-shape-circle elementor-mobile-position-block-start elementor-widget elementor-widget-icon-box\" data-id=\"6fdd225\" data-element_type=\"widget\" data-widget_type=\"icon-box.default\">\n\t\t\t\t<div class=\"elementor-widget-container\">\n\t\t\t\t\t\t\t<div class=\"elementor-icon-box-wrapper\">\n\n\t\t\t\t\t\t<div class=\"elementor-icon-box-icon\">\n\t\t\t\t<a href=\"https:\/\/infallible-sinoussi.217-160-229-75.plesk.page\/ca\/organizacion\/\" class=\"elementor-icon\" tabindex=\"-1\" aria-label=\"Organitzaci\u00f3\">\n\t\t\t\t<i aria-hidden=\"true\" class=\"far fa-building\"><\/i>\t\t\t\t<\/a>\n\t\t\t<\/div>\n\t\t\t\n\t\t\t\t\t\t<div class=\"elementor-icon-box-content\">\n\n\t\t\t\t\t\t\t\t\t<h3 class=\"elementor-icon-box-title\">\n\t\t\t\t\t\t<a href=\"https:\/\/infallible-sinoussi.217-160-229-75.plesk.page\/ca\/organizacion\/\" >\n\t\t\t\t\t\t\tOrganitzaci\u00f3\t\t\t\t\t\t<\/a>\n\t\t\t\t\t<\/h3>\n\t\t\t\t\n\t\t\t\t\n\t\t\t<\/div>\n\t\t\t\n\t\t<\/div>\n\t\t\t\t\t\t<\/div>\n\t\t\t\t<\/div>\n\t\t\t\t<div class=\"elementor-element elementor-element-ab84f61 elementor-view-framed elementor-position-block-start elementor-shape-circle elementor-mobile-position-block-start elementor-widget elementor-widget-icon-box\" data-id=\"ab84f61\" data-element_type=\"widget\" data-widget_type=\"icon-box.default\">\n\t\t\t\t<div class=\"elementor-widget-container\">\n\t\t\t\t\t\t\t<div class=\"elementor-icon-box-wrapper\">\n\n\t\t\t\t\t\t<div class=\"elementor-icon-box-icon\">\n\t\t\t\t<a href=\"https:\/\/infallible-sinoussi.217-160-229-75.plesk.page\/ca\/quienes-somos__trashed\/ordenanzas-y-disposiciones\/\" class=\"elementor-icon\" tabindex=\"-1\" aria-label=\"Ordenances i Disposicions\">\n\t\t\t\t<i aria-hidden=\"true\" class=\"fas fa-user-tie\"><\/i>\t\t\t\t<\/a>\n\t\t\t<\/div>\n\t\t\t\n\t\t\t\t\t\t<div class=\"elementor-icon-box-content\">\n\n\t\t\t\t\t\t\t\t\t<h3 class=\"elementor-icon-box-title\">\n\t\t\t\t\t\t<a href=\"https:\/\/infallible-sinoussi.217-160-229-75.plesk.page\/ca\/quienes-somos__trashed\/ordenanzas-y-disposiciones\/\" >\n\t\t\t\t\t\t\tOrdenances i Disposicions\t\t\t\t\t\t<\/a>\n\t\t\t\t\t<\/h3>\n\t\t\t\t\n\t\t\t\t\n\t\t\t<\/div>\n\t\t\t\n\t\t<\/div>\n\t\t\t\t\t\t<\/div>\n\t\t\t\t<\/div>\n\t\t\t\t\t<\/div>\n\t\t<\/div>\n\t\t\t\t<div class=\"elementor-column elementor-col-50 elementor-inner-column elementor-element elementor-element-8f5c6e9\" data-id=\"8f5c6e9\" data-element_type=\"column\">\n\t\t\t<div class=\"elementor-widget-wrap elementor-element-populated\">\n\t\t\t\t\t\t<div class=\"elementor-element elementor-element-7fdbecb elementor-view-framed elementor-position-block-start elementor-shape-circle elementor-mobile-position-block-start elementor-widget elementor-widget-icon-box\" data-id=\"7fdbecb\" data-element_type=\"widget\" data-widget_type=\"icon-box.default\">\n\t\t\t\t<div class=\"elementor-widget-container\">\n\t\t\t\t\t\t\t<div class=\"elementor-icon-box-wrapper\">\n\n\t\t\t\t\t\t<div class=\"elementor-icon-box-icon\">\n\t\t\t\t<a href=\"https:\/\/infallible-sinoussi.217-160-229-75.plesk.page\/ca\/quienes-somos\/documentos-organos-de-gobierno\/\" class=\"elementor-icon\" tabindex=\"-1\" aria-label=\"Documents \u00f2rgans de govern\">\n\t\t\t\t<i aria-hidden=\"true\" class=\"far fa-file-alt\"><\/i>\t\t\t\t<\/a>\n\t\t\t<\/div>\n\t\t\t\n\t\t\t\t\t\t<div class=\"elementor-icon-box-content\">\n\n\t\t\t\t\t\t\t\t\t<h3 class=\"elementor-icon-box-title\">\n\t\t\t\t\t\t<a href=\"https:\/\/infallible-sinoussi.217-160-229-75.plesk.page\/ca\/quienes-somos\/documentos-organos-de-gobierno\/\" >\n\t\t\t\t\t\t\tDocuments \u00f2rgans de govern\t\t\t\t\t\t<\/a>\n\t\t\t\t\t<\/h3>\n\t\t\t\t\n\t\t\t\t\n\t\t\t<\/div>\n\t\t\t\n\t\t<\/div>\n\t\t\t\t\t\t<\/div>\n\t\t\t\t<\/div>\n\t\t\t\t<div class=\"elementor-element elementor-element-d0f8664 elementor-view-framed elementor-position-block-start elementor-shape-circle elementor-mobile-position-block-start elementor-widget elementor-widget-icon-box\" data-id=\"d0f8664\" data-element_type=\"widget\" data-widget_type=\"icon-box.default\">\n\t\t\t\t<div class=\"elementor-widget-container\">\n\t\t\t\t\t\t\t<div class=\"elementor-icon-box-wrapper\">\n\n\t\t\t\t\t\t<div class=\"elementor-icon-box-icon\">\n\t\t\t\t<a href=\"https:\/\/infallible-sinoussi.217-160-229-75.plesk.page\/wp-admin\/edit.php?post_type=page&#038;paged=2\" class=\"elementor-icon\" tabindex=\"-1\" aria-label=\"Llista de municipis\">\n\t\t\t\t<i aria-hidden=\"true\" class=\"fas fa-map-marked-alt\"><\/i>\t\t\t\t<\/a>\n\t\t\t<\/div>\n\t\t\t\n\t\t\t\t\t\t<div class=\"elementor-icon-box-content\">\n\n\t\t\t\t\t\t\t\t\t<h3 class=\"elementor-icon-box-title\">\n\t\t\t\t\t\t<a href=\"https:\/\/infallible-sinoussi.217-160-229-75.plesk.page\/wp-admin\/edit.php?post_type=page&#038;paged=2\" >\n\t\t\t\t\t\t\tLlista de municipis\t\t\t\t\t\t<\/a>\n\t\t\t\t\t<\/h3>\n\t\t\t\t\n\t\t\t\t\n\t\t\t<\/div>\n\t\t\t\n\t\t<\/div>\n\t\t\t\t\t\t<\/div>\n\t\t\t\t<\/div>\n\t\t\t\t\t<\/div>\n\t\t<\/div>\n\t\t\t\t\t<\/div>\n\t\t<\/section>\n\t\t\t\t\t<\/div>\n\t\t<\/div>\n\t\t\t\t\t<\/div>\n\t\t<\/section>\n\t\t\t\t<section class=\"elementor-section elementor-top-section elementor-element elementor-element-81587d7 elementor-section-boxed elementor-section-height-default elementor-section-height-default\" data-id=\"81587d7\" data-element_type=\"section\">\n\t\t\t\t\t\t<div class=\"elementor-container elementor-column-gap-default\">\n\t\t\t\t\t<div class=\"elementor-column elementor-col-100 elementor-top-column elementor-element elementor-element-93af337\" data-id=\"93af337\" data-element_type=\"column\">\n\t\t\t<div class=\"elementor-widget-wrap elementor-element-populated\">\n\t\t\t\t\t\t<div class=\"elementor-element elementor-element-131b098 elementor-widget elementor-widget-spacer\" data-id=\"131b098\" data-element_type=\"widget\" data-widget_type=\"spacer.default\">\n\t\t\t\t<div class=\"elementor-widget-container\">\n\t\t\t\t\t\t\t<div class=\"elementor-spacer\">\n\t\t\t<div class=\"elementor-spacer-inner\"><\/div>\n\t\t<\/div>\n\t\t\t\t\t\t<\/div>\n\t\t\t\t<\/div>\n\t\t\t\t\t<\/div>\n\t\t<\/div>\n\t\t\t\t\t<\/div>\n\t\t<\/section>\n\t\t\t\t<\/div>","protected":false},"excerpt":{"rendered":"<p>Qui\u00e9nes somos La Entidad Metropolitana de Servicios Hidr\u00e1ulicos (EMSHI) nace en 2001 con la aprobaci\u00f3n de la Ley 2\/2001, de 11 de mayo, de Creaci\u00f3n y Gesti\u00f3n de \u00c1reas Metropolitanas en la Comunidad Valenciana. En virtud de dicha Ley, pasa a asumir la competencia del servicio de agua en alta en toda el \u00e1rea metropolitana [&hellip;]<\/p>","protected":false},"author":25,"featured_media":0,"parent":0,"menu_order":0,"comment_status":"closed","ping_status":"closed","template":"","meta":{"site-sidebar-layout":"no-sidebar","site-content-layout":"page-builder","ast-site-content-layout":"default","site-content-style":"default","site-sidebar-style":"default","ast-global-header-display":"","ast-banner-title-visibility":"","ast-main-header-display":"","ast-hfb-above-header-display":"","ast-hfb-below-header-display":"","ast-hfb-mobile-header-display":"","site-post-title":"disabled","ast-breadcrumbs-content":"","ast-featured-img":"disabled","footer-sml-layout":"","ast-disable-related-posts":"","theme-transparent-header-meta":"","adv-header-id-meta":"","stick-header-meta":"","header-above-stick-meta":"","header-main-stick-meta":"","header-below-stick-meta":"","astra-migrate-meta-layouts":"default","ast-page-background-enabled":"default","ast-page-background-meta":{"desktop":{"background-color":"var(--ast-global-color-4)","background-image":"","background-repeat":"repeat","background-position":"center center","background-size":"auto","background-attachment":"scroll","background-type":"","background-media":"","overlay-type":"","overlay-color":"","overlay-opacity":"","overlay-gradient":""},"tablet":{"background-color":"","background-image":"","background-repeat":"repeat","background-position":"center center","background-size":"auto","background-attachment":"scroll","background-type":"","background-media":"","overlay-type":"","overlay-color":"","overlay-opacity":"","overlay-gradient":""},"mobile":{"background-color":"","background-image":"","background-repeat":"repeat","background-position":"center center","background-size":"auto","background-attachment":"scroll","background-type":"","background-media":"","overlay-type":"","overlay-color":"","overlay-opacity":"","overlay-gradient":""}},"ast-content-background-meta":{"desktop":{"background-color":"var(--ast-global-color-5)","background-image":"","background-repeat":"repeat","background-position":"center center","background-size":"auto","background-attachment":"scroll","background-type":"","background-media":"","overlay-type":"","overlay-color":"","overlay-opacity":"","overlay-gradient":""},"tablet":{"background-color":"var(--ast-global-color-5)","background-image":"","background-repeat":"repeat","background-position":"center center","background-size":"auto","background-attachment":"scroll","background-type":"","background-media":"","overlay-type":"","overlay-color":"","overlay-opacity":"","overlay-gradient":""},"mobile":{"background-color":"var(--ast-global-color-5)","background-image":"","background-repeat":"repeat","background-position":"center center","background-size":"auto","background-attachment":"scroll","background-type":"","background-media":"","overlay-type":"","overlay-color":"","overlay-opacity":"","overlay-gradient":""}},"footnotes":""},"coauthors":[59,58,61,63],"class_list":["post-7007","page","type-page","status-publish","hentry"],"yoast_head":"<!-- This site is optimized with the Yoast SEO plugin v26.6 - https:\/\/yoast.com\/wordpress\/plugins\/seo\/ -->\n<title>Qui\u00e9nes Somos - EMSHI<\/title>\n<meta name=\"robots\" content=\"noindex, follow, max-snippet:-1, max-image-preview:large, max-video-preview:-1\" \/>\n<meta property=\"og:locale\" content=\"ca_ES\" \/>\n<meta property=\"og:type\" content=\"article\" \/>\n<meta property=\"og:title\" content=\"Qui\u00e9nes Somos - EMSHI\" \/>\n<meta property=\"og:description\" content=\"Qui\u00e9nes somos La Entidad Metropolitana de Servicios Hidr\u00e1ulicos (EMSHI) nace en 2001 con la aprobaci\u00f3n de la Ley 2\/2001, de 11 de mayo, de Creaci\u00f3n y Gesti\u00f3n de \u00c1reas Metropolitanas en la Comunidad Valenciana. En virtud de dicha Ley, pasa a asumir la competencia del servicio de agua en alta en toda el \u00e1rea metropolitana [&hellip;]\" \/>\n<meta property=\"og:url\" content=\"https:\/\/infallible-sinoussi.217-160-229-75.plesk.page\/ca\/quienes-somos\/\" \/>\n<meta property=\"og:site_name\" content=\"EMSHI\" \/>\n<meta property=\"article:modified_time\" content=\"2023-10-17T08:08:05+00:00\" \/>\n<meta name=\"twitter:card\" content=\"summary_large_image\" \/>\n<meta name=\"twitter:label1\" content=\"Temps estimat de lectura\" \/>\n\t<meta name=\"twitter:data1\" content=\"1 minut\" \/>\n\t<meta name=\"twitter:label2\" content=\"Written by\" \/>\n\t<meta name=\"twitter:data2\" content=\"Irene Lopez Barroso, Juana Chiner Belenguer, TechScribeOdec, Esperanza Franco\" \/>\n<script type=\"application\/ld+json\" class=\"yoast-schema-graph\">{\"@context\":\"https:\/\/schema.org\",\"@graph\":[{\"@type\":\"WebPage\",\"@id\":\"https:\/\/infallible-sinoussi.217-160-229-75.plesk.page\/quienes-somos\/\",\"url\":\"https:\/\/infallible-sinoussi.217-160-229-75.plesk.page\/quienes-somos\/\",\"name\":\"Qui\u00e9nes Somos - EMSHI\",\"isPartOf\":{\"@id\":\"https:\/\/infallible-sinoussi.217-160-229-75.plesk.page\/#website\"},\"datePublished\":\"2022-12-19T11:14:32+00:00\",\"dateModified\":\"2023-10-17T08:08:05+00:00\",\"breadcrumb\":{\"@id\":\"https:\/\/infallible-sinoussi.217-160-229-75.plesk.page\/quienes-somos\/#breadcrumb\"},\"inLanguage\":\"ca\",\"potentialAction\":[{\"@type\":\"ReadAction\",\"target\":[\"https:\/\/infallible-sinoussi.217-160-229-75.plesk.page\/quienes-somos\/\"]}]},{\"@type\":\"BreadcrumbList\",\"@id\":\"https:\/\/infallible-sinoussi.217-160-229-75.plesk.page\/quienes-somos\/#breadcrumb\",\"itemListElement\":[{\"@type\":\"ListItem\",\"position\":1,\"name\":\"Home\",\"item\":\"https:\/\/infallible-sinoussi.217-160-229-75.plesk.page\/\"},{\"@type\":\"ListItem\",\"position\":2,\"name\":\"Qui\u00e9nes Somos\"}]},{\"@type\":\"WebSite\",\"@id\":\"https:\/\/infallible-sinoussi.217-160-229-75.plesk.page\/#website\",\"url\":\"https:\/\/infallible-sinoussi.217-160-229-75.plesk.page\/\",\"name\":\"EMSHI\",\"description\":\"\",\"publisher\":{\"@id\":\"https:\/\/infallible-sinoussi.217-160-229-75.plesk.page\/#organization\"},\"potentialAction\":[{\"@type\":\"SearchAction\",\"target\":{\"@type\":\"EntryPoint\",\"urlTemplate\":\"https:\/\/infallible-sinoussi.217-160-229-75.plesk.page\/?s={search_term_string}\"},\"query-input\":{\"@type\":\"PropertyValueSpecification\",\"valueRequired\":true,\"valueName\":\"search_term_string\"}}],\"inLanguage\":\"ca\"},{\"@type\":\"Organization\",\"@id\":\"https:\/\/infallible-sinoussi.217-160-229-75.plesk.page\/#organization\",\"name\":\"EMSHI\",\"url\":\"https:\/\/infallible-sinoussi.217-160-229-75.plesk.page\/\",\"logo\":{\"@type\":\"ImageObject\",\"inLanguage\":\"ca\",\"@id\":\"https:\/\/infallible-sinoussi.217-160-229-75.plesk.page\/#\/schema\/logo\/image\/\",\"url\":\"https:\/\/infallible-sinoussi.217-160-229-75.plesk.page\/wp-content\/uploads\/2022\/11\/cropped-EMSHI_VersionEspecial_RGB_CAS.png\",\"contentUrl\":\"https:\/\/infallible-sinoussi.217-160-229-75.plesk.page\/wp-content\/uploads\/2022\/11\/cropped-EMSHI_VersionEspecial_RGB_CAS.png\",\"width\":1966,\"height\":449,\"caption\":\"EMSHI\"},\"image\":{\"@id\":\"https:\/\/infallible-sinoussi.217-160-229-75.plesk.page\/#\/schema\/logo\/image\/\"}}]}<\/script>\n<!-- \/ Yoast SEO plugin. -->","yoast_head_json":{"title":"Qui\u00e9nes Somos - EMSHI","robots":{"index":"noindex","follow":"follow","max-snippet":"max-snippet:-1","max-image-preview":"max-image-preview:large","max-video-preview":"max-video-preview:-1"},"og_locale":"ca_ES","og_type":"article","og_title":"Qui\u00e9nes Somos - EMSHI","og_description":"Qui\u00e9nes somos La Entidad Metropolitana de Servicios Hidr\u00e1ulicos (EMSHI) nace en 2001 con la aprobaci\u00f3n de la Ley 2\/2001, de 11 de mayo, de Creaci\u00f3n y Gesti\u00f3n de \u00c1reas Metropolitanas en la Comunidad Valenciana. En virtud de dicha Ley, pasa a asumir la competencia del servicio de agua en alta en toda el \u00e1rea metropolitana [&hellip;]","og_url":"https:\/\/infallible-sinoussi.217-160-229-75.plesk.page\/ca\/quienes-somos\/","og_site_name":"EMSHI","article_modified_time":"2023-10-17T08:08:05+00:00","twitter_card":"summary_large_image","twitter_misc":{"Temps estimat de lectura":"1 minut","Written by":"Irene Lopez Barroso, Juana Chiner Belenguer, TechScribeOdec, Esperanza Franco"},"schema":{"@context":"https:\/\/schema.org","@graph":[{"@type":"WebPage","@id":"https:\/\/infallible-sinoussi.217-160-229-75.plesk.page\/quienes-somos\/","url":"https:\/\/infallible-sinoussi.217-160-229-75.plesk.page\/quienes-somos\/","name":"Qui\u00e9nes Somos - EMSHI","isPartOf":{"@id":"https:\/\/infallible-sinoussi.217-160-229-75.plesk.page\/#website"},"datePublished":"2022-12-19T11:14:32+00:00","dateModified":"2023-10-17T08:08:05+00:00","breadcrumb":{"@id":"https:\/\/infallible-sinoussi.217-160-229-75.plesk.page\/quienes-somos\/#breadcrumb"},"inLanguage":"ca","potentialAction":[{"@type":"ReadAction","target":["https:\/\/infallible-sinoussi.217-160-229-75.plesk.page\/quienes-somos\/"]}]},{"@type":"BreadcrumbList","@id":"https:\/\/infallible-sinoussi.217-160-229-75.plesk.page\/quienes-somos\/#breadcrumb","itemListElement":[{"@type":"ListItem","position":1,"name":"Home","item":"https:\/\/infallible-sinoussi.217-160-229-75.plesk.page\/"},{"@type":"ListItem","position":2,"name":"Qui\u00e9nes Somos"}]},{"@type":"WebSite","@id":"https:\/\/infallible-sinoussi.217-160-229-75.plesk.page\/#website","url":"https:\/\/infallible-sinoussi.217-160-229-75.plesk.page\/","name":"EMSHI","description":"","publisher":{"@id":"https:\/\/infallible-sinoussi.217-160-229-75.plesk.page\/#organization"},"potentialAction":[{"@type":"SearchAction","target":{"@type":"EntryPoint","urlTemplate":"https:\/\/infallible-sinoussi.217-160-229-75.plesk.page\/?s={search_term_string}"},"query-input":{"@type":"PropertyValueSpecification","valueRequired":true,"valueName":"search_term_string"}}],"inLanguage":"ca"},{"@type":"Organization","@id":"https:\/\/infallible-sinoussi.217-160-229-75.plesk.page\/#organization","name":"EMSHI","url":"https:\/\/infallible-sinoussi.217-160-229-75.plesk.page\/","logo":{"@type":"ImageObject","inLanguage":"ca","@id":"https:\/\/infallible-sinoussi.217-160-229-75.plesk.page\/#\/schema\/logo\/image\/","url":"https:\/\/infallible-sinoussi.217-160-229-75.plesk.page\/wp-content\/uploads\/2022\/11\/cropped-EMSHI_VersionEspecial_RGB_CAS.png","contentUrl":"https:\/\/infallible-sinoussi.217-160-229-75.plesk.page\/wp-content\/uploads\/2022\/11\/cropped-EMSHI_VersionEspecial_RGB_CAS.png","width":1966,"height":449,"caption":"EMSHI"},"image":{"@id":"https:\/\/infallible-sinoussi.217-160-229-75.plesk.page\/#\/schema\/logo\/image\/"}}]}},"_links":{"self":[{"href":"https:\/\/infallible-sinoussi.217-160-229-75.plesk.page\/ca\/wp-json\/wp\/v2\/pages\/7007","targetHints":{"allow":["GET"]}}],"collection":[{"href":"https:\/\/infallible-sinoussi.217-160-229-75.plesk.page\/ca\/wp-json\/wp\/v2\/pages"}],"about":[{"href":"https:\/\/infallible-sinoussi.217-160-229-75.plesk.page\/ca\/wp-json\/wp\/v2\/types\/page"}],"author":[{"embeddable":true,"href":"https:\/\/infallible-sinoussi.217-160-229-75.plesk.page\/ca\/wp-json\/wp\/v2\/users\/25"}],"replies":[{"embeddable":true,"href":"https:\/\/infallible-sinoussi.217-160-229-75.plesk.page\/ca\/wp-json\/wp\/v2\/comments?post=7007"}],"version-history":[{"count":52,"href":"https:\/\/infallible-sinoussi.217-160-229-75.plesk.page\/ca\/wp-json\/wp\/v2\/pages\/7007\/revisions"}],"predecessor-version":[{"id":10407,"href":"https:\/\/infallible-sinoussi.217-160-229-75.plesk.page\/ca\/wp-json\/wp\/v2\/pages\/7007\/revisions\/10407"}],"wp:attachment":[{"href":"https:\/\/infallible-sinoussi.217-160-229-75.plesk.page\/ca\/wp-json\/wp\/v2\/media?parent=7007"}],"wp:term":[{"taxonomy":"author","embeddable":true,"href":"https:\/\/infallible-sinoussi.217-160-229-75.plesk.page\/ca\/wp-json\/wp\/v2\/coauthors?post=7007"}],"curies":[{"name":"wp","href":"https:\/\/api.w.org\/{rel}","templated":true}]}}